{"id":2318,"date":"2023-07-18T11:11:45","date_gmt":"2023-07-18T09:11:45","guid":{"rendered":"https:\/\/vivosostenible.com\/?page_id=2318"},"modified":"2023-07-18T11:16:08","modified_gmt":"2023-07-18T09:16:08","slug":"elementor-2318","status":"publish","type":"page","link":"https:\/\/vivosostenible.com\/en\/elementor-2318\/","title":{"rendered":""},"content":{"rendered":"<div data-elementor-type=\"wp-page\" data-elementor-id=\"2318\" class=\"elementor elementor-2318\" data-elementor-post-type=\"page\">\n\t\t\t\t\t\t<section class=\"elementor-section elementor-top-section elementor-element elementor-element-4a644f4 elementor-section-boxed elementor-section-height-default elementor-section-height-default\" data-id=\"4a644f4\" data-element_type=\"section\">\n\t\t\t\t\t\t<div class=\"elementor-container elementor-column-gap-default\">\n\t\t\t\t\t<div class=\"elementor-column elementor-col-100 elementor-top-column elementor-element elementor-element-a85d2d7\" data-id=\"a85d2d7\" data-element_type=\"column\">\n\t\t\t<div class=\"elementor-widget-wrap elementor-element-populated\">\n\t\t\t\t\t\t<div class=\"elementor-element elementor-element-0c6de71 elementor-widget elementor-widget-heading\" data-id=\"0c6de71\" data-element_type=\"widget\" data-widget_type=\"heading.default\">\n\t\t\t\t<div class=\"elementor-widget-container\">\n\t\t\t\t\t<h2 class=\"elementor-heading-title elementor-size-xl\">VIVO fin de semana<\/h2>\t\t\t\t<\/div>\n\t\t\t\t<\/div>\n\t\t\t\t\t<\/div>\n\t\t<\/div>\n\t\t\t\t\t<\/div>\n\t\t<\/section>\n\t\t\t\t<section class=\"elementor-section elementor-top-section elementor-element elementor-element-3340293 elementor-section-boxed elementor-section-height-default elementor-section-height-default\" data-id=\"3340293\" data-element_type=\"section\">\n\t\t\t\t\t\t<div class=\"elementor-container elementor-column-gap-default\">\n\t\t\t\t\t<div class=\"elementor-column elementor-col-100 elementor-top-column elementor-element elementor-element-4f5e570\" data-id=\"4f5e570\" data-element_type=\"column\">\n\t\t\t<div class=\"elementor-widget-wrap elementor-element-populated\">\n\t\t\t\t\t\t<div class=\"elementor-element elementor-element-3e310a7 elementor-widget elementor-widget-image\" data-id=\"3e310a7\" data-element_type=\"widget\" data-widget_type=\"image.default\">\n\t\t\t\t<div class=\"elementor-widget-container\">\n\t\t\t\t\t\t\t\t\t\t\t\t\t\t\t<img fetchpriority=\"high\" decoding=\"async\" width=\"800\" height=\"549\" src=\"https:\/\/vivosostenible.com\/wp-content\/uploads\/2023\/07\/Casa-modular-sostenible-vivo-.png\" class=\"attachment-large size-large wp-image-2321\" alt=\"\" srcset=\"https:\/\/vivosostenible.com\/wp-content\/uploads\/2023\/07\/Casa-modular-sostenible-vivo-.png 983w, https:\/\/vivosostenible.com\/wp-content\/uploads\/2023\/07\/Casa-modular-sostenible-vivo--300x206.png 300w, https:\/\/vivosostenible.com\/wp-content\/uploads\/2023\/07\/Casa-modular-sostenible-vivo--768x527.png 768w, https:\/\/vivosostenible.com\/wp-content\/uploads\/2023\/07\/Casa-modular-sostenible-vivo--18x12.png 18w\" sizes=\"(max-width: 800px) 100vw, 800px\" \/>\t\t\t\t\t\t\t\t\t\t\t\t\t\t\t<\/div>\n\t\t\t\t<\/div>\n\t\t\t\t\t<\/div>\n\t\t<\/div>\n\t\t\t\t\t<\/div>\n\t\t<\/section>\n\t\t\t\t<section class=\"elementor-section elementor-top-section elementor-element elementor-element-69af311 elementor-section-boxed elementor-section-height-default elementor-section-height-default\" data-id=\"69af311\" data-element_type=\"section\">\n\t\t\t\t\t\t<div class=\"elementor-container elementor-column-gap-default\">\n\t\t\t\t\t<div class=\"elementor-column elementor-col-50 elementor-top-column elementor-element elementor-element-68f4e95\" data-id=\"68f4e95\" data-element_type=\"column\">\n\t\t\t<div class=\"elementor-widget-wrap elementor-element-populated\">\n\t\t\t\t\t\t<div class=\"elementor-element elementor-element-568f8cf elementor-widget elementor-widget-image\" data-id=\"568f8cf\" data-element_type=\"widget\" data-widget_type=\"image.default\">\n\t\t\t\t<div class=\"elementor-widget-container\">\n\t\t\t\t\t\t\t\t\t\t\t\t\t\t\t<img decoding=\"async\" width=\"162\" height=\"112\" src=\"https:\/\/vivosostenible.com\/wp-content\/uploads\/2023\/07\/medidas-casa-fin-de-semana-.png\" class=\"attachment-large size-large wp-image-2322\" alt=\"\" srcset=\"https:\/\/vivosostenible.com\/wp-content\/uploads\/2023\/07\/medidas-casa-fin-de-semana-.png 162w, https:\/\/vivosostenible.com\/wp-content\/uploads\/2023\/07\/medidas-casa-fin-de-semana--18x12.png 18w\" sizes=\"(max-width: 162px) 100vw, 162px\" \/>\t\t\t\t\t\t\t\t\t\t\t\t\t\t\t<\/div>\n\t\t\t\t<\/div>\n\t\t\t\t\t<\/div>\n\t\t<\/div>\n\t\t\t\t<div class=\"elementor-column elementor-col-50 elementor-top-column elementor-element elementor-element-50af8ea\" data-id=\"50af8ea\" data-element_type=\"column\">\n\t\t\t<div class=\"elementor-widget-wrap elementor-element-populated\">\n\t\t\t\t\t\t<div class=\"elementor-element elementor-element-888c0c5 elementor-widget elementor-widget-text-editor\" data-id=\"888c0c5\" data-element_type=\"widget\" data-widget_type=\"text-editor.default\">\n\t\t\t\t<div class=\"elementor-widget-container\">\n\t\t\t\t\t\t\t\t\t<p>Vivienda eficiente energ\u00e9ticamente gracias a su construcci\u00f3n pensada en conseguir un confort interno excelente. Su aislamiento de triple capa, su ventilaci\u00f3n mec\u00e1nica silenciosa para renovaci\u00f3n constante de aire y las ventanas de doble cristal insertado hace que un hogar vivo sea herm\u00e9tico y ideal para mantener el confort clim\u00e1tico en el interior gracias a sus sistema de ventilaci\u00f3n.\u00a0<\/p>\t\t\t\t\t\t\t\t<\/div>\n\t\t\t\t<\/div>\n\t\t\t\t\t<\/div>\n\t\t<\/div>\n\t\t\t\t\t<\/div>\n\t\t<\/section>\n\t\t\t\t<section class=\"elementor-section elementor-top-section elementor-element elementor-element-8376290 elementor-section-boxed elementor-section-height-default elementor-section-height-default\" data-id=\"8376290\" data-element_type=\"section\">\n\t\t\t\t\t\t<div class=\"elementor-container elementor-column-gap-default\">\n\t\t\t\t\t<div class=\"elementor-column elementor-col-100 elementor-top-column elementor-element elementor-element-cd51dc9\" data-id=\"cd51dc9\" data-element_type=\"column\">\n\t\t\t<div class=\"elementor-widget-wrap elementor-element-populated\">\n\t\t\t\t\t\t<div class=\"elementor-element elementor-element-720e6c7 elementor-widget elementor-widget-text-editor\" data-id=\"720e6c7\" data-element_type=\"widget\" data-widget_type=\"text-editor.default\">\n\t\t\t\t<div class=\"elementor-widget-container\">\n\t\t\t\t\t\t\t\t\t<p>Cada hogar VIVO es \u00fanico, irrepetible y a medida. Nuestra propuesta de distribuci\u00f3n puede ser modificada seg\u00fan las necesidades del usuario, al igual que los acabados pueden modificarse en funci\u00f3n de las preferencias de los clientes.\u00a0<\/p><p>\u00a1<b>Tu hogar VIVO es \u00fanico e irrepetible!<\/b><\/p>\t\t\t\t\t\t\t\t<\/div>\n\t\t\t\t<\/div>\n\t\t\t\t<div class=\"elementor-element elementor-element-354e0ff elementor-widget elementor-widget-spacer\" data-id=\"354e0ff\" data-element_type=\"widget\" data-widget_type=\"spacer.default\">\n\t\t\t\t<div class=\"elementor-widget-container\">\n\t\t\t\t\t\t\t<div class=\"elementor-spacer\">\n\t\t\t<div class=\"elementor-spacer-inner\"><\/div>\n\t\t<\/div>\n\t\t\t\t\t\t<\/div>\n\t\t\t\t<\/div>\n\t\t\t\t\t<\/div>\n\t\t<\/div>\n\t\t\t\t\t<\/div>\n\t\t<\/section>\n\t\t\t\t<\/div>","protected":false},"excerpt":{"rendered":"<p>VIVO fin de semana Vivienda eficiente energ\u00e9ticamente gracias a su construcci\u00f3n pensada en conseguir un confort interno excelente. Su aislamiento de triple capa, su ventilaci\u00f3n mec\u00e1nica silenciosa para renovaci\u00f3n constante de aire y las ventanas de doble cristal insertado hace que un hogar vivo sea herm\u00e9tico y ideal para mantener el confort clim\u00e1tico en el [&hellip;]<\/p>","protected":false},"author":1,"featured_media":0,"parent":0,"menu_order":0,"comment_status":"closed","ping_status":"closed","template":"","meta":{"_joinchat":[],"footnotes":""},"class_list":["post-2318","page","type-page","status-publish","hentry"],"yoast_head":"<!-- This site is optimized with the Yoast SEO Premium plugin v24.0 (Yoast SEO v25.5) - https:\/\/yoast.com\/wordpress\/plugins\/seo\/ -->\n<title>&#187; VIVO Sostenible - Lo \u00faltimo en hogares sostenibles y Passivhaus<\/title>\n<meta name=\"robots\" content=\"index, follow, max-snippet:-1, max-image-preview:large, max-video-preview:-1\" \/>\n<link rel=\"canonical\" href=\"https:\/\/vivosostenible.com\/en\/elementor-2318\/\" \/>\n<meta property=\"og:locale\" content=\"en_GB\" \/>\n<meta property=\"og:type\" content=\"article\" \/>\n<meta property=\"og:description\" content=\"VIVO fin de semana Vivienda eficiente energ\u00e9ticamente gracias a su construcci\u00f3n pensada en conseguir un confort interno excelente. Su aislamiento de triple capa, su ventilaci\u00f3n mec\u00e1nica silenciosa para renovaci\u00f3n constante de aire y las ventanas de doble cristal insertado hace que un hogar vivo sea herm\u00e9tico y ideal para mantener el confort clim\u00e1tico en el [&hellip;]\" \/>\n<meta property=\"og:url\" content=\"https:\/\/vivosostenible.com\/en\/elementor-2318\/\" \/>\n<meta property=\"og:site_name\" content=\"VIVO Sostenible - Lo \u00faltimo en hogares sostenibles y Passivhaus\" \/>\n<meta property=\"article:publisher\" content=\"https:\/\/www.facebook.com\/vivohogaressostenibles\/\" \/>\n<meta property=\"article:modified_time\" content=\"2023-07-18T09:16:08+00:00\" \/>\n<meta property=\"og:image\" content=\"https:\/\/vivosostenible.com\/wp-content\/uploads\/2023\/07\/Casa-modular-sostenible-vivo-.png\" \/>\n<meta name=\"twitter:card\" content=\"summary_large_image\" \/>\n<script type=\"application\/ld+json\" class=\"yoast-schema-graph\">{\"@context\":\"https:\/\/schema.org\",\"@graph\":[{\"@type\":\"WebPage\",\"@id\":\"https:\/\/vivosostenible.com\/elementor-2318\/\",\"url\":\"https:\/\/vivosostenible.com\/elementor-2318\/\",\"name\":\"&#187; VIVO Sostenible - Lo \u00faltimo en hogares sostenibles y Passivhaus\",\"isPartOf\":{\"@id\":\"https:\/\/vivosostenible.com\/#website\"},\"primaryImageOfPage\":{\"@id\":\"https:\/\/vivosostenible.com\/elementor-2318\/#primaryimage\"},\"image\":{\"@id\":\"https:\/\/vivosostenible.com\/elementor-2318\/#primaryimage\"},\"thumbnailUrl\":\"https:\/\/vivosostenible.com\/wp-content\/uploads\/2023\/07\/Casa-modular-sostenible-vivo-.png\",\"datePublished\":\"2023-07-18T09:11:45+00:00\",\"dateModified\":\"2023-07-18T09:16:08+00:00\",\"inLanguage\":\"en-GB\",\"potentialAction\":[{\"@type\":\"ReadAction\",\"target\":[\"https:\/\/vivosostenible.com\/elementor-2318\/\"]}]},{\"@type\":\"ImageObject\",\"inLanguage\":\"en-GB\",\"@id\":\"https:\/\/vivosostenible.com\/elementor-2318\/#primaryimage\",\"url\":\"https:\/\/vivosostenible.com\/wp-content\/uploads\/2023\/07\/Casa-modular-sostenible-vivo-.png\",\"contentUrl\":\"https:\/\/vivosostenible.com\/wp-content\/uploads\/2023\/07\/Casa-modular-sostenible-vivo-.png\"},{\"@type\":\"WebSite\",\"@id\":\"https:\/\/vivosostenible.com\/#website\",\"url\":\"https:\/\/vivosostenible.com\/\",\"name\":\"VIVO Sostenible - Lo \u00faltimo en hogares sostenibles y Passivhaus\",\"description\":\"VIVO Hogares Sostenibles no son solo viviendas, es una forma de entender la vida. VIVO nace del amor y el contacto con la naturaleza.\",\"publisher\":{\"@id\":\"https:\/\/vivosostenible.com\/#organization\"},\"potentialAction\":[{\"@type\":\"SearchAction\",\"target\":{\"@type\":\"EntryPoint\",\"urlTemplate\":\"https:\/\/vivosostenible.com\/?s={search_term_string}\"},\"query-input\":{\"@type\":\"PropertyValueSpecification\",\"valueRequired\":true,\"valueName\":\"search_term_string\"}}],\"inLanguage\":\"en-GB\"},{\"@type\":\"Organization\",\"@id\":\"https:\/\/vivosostenible.com\/#organization\",\"name\":\"VIVO Hogares Sostenibles\",\"url\":\"https:\/\/vivosostenible.com\/\",\"logo\":{\"@type\":\"ImageObject\",\"inLanguage\":\"en-GB\",\"@id\":\"https:\/\/vivosostenible.com\/#\/schema\/logo\/image\/\",\"url\":\"https:\/\/vivosostenible.com\/wp-content\/uploads\/2021\/05\/cropped-Vivo_Principal.png\",\"contentUrl\":\"https:\/\/vivosostenible.com\/wp-content\/uploads\/2021\/05\/cropped-Vivo_Principal.png\",\"width\":4549,\"height\":1688,\"caption\":\"VIVO Hogares Sostenibles\"},\"image\":{\"@id\":\"https:\/\/vivosostenible.com\/#\/schema\/logo\/image\/\"},\"sameAs\":[\"https:\/\/www.facebook.com\/vivohogaressostenibles\/\",\"https:\/\/www.instagram.com\/vivohogares\/\"]}]}<\/script>\n<!-- \/ Yoast SEO Premium plugin. -->","yoast_head_json":{"title":"&#187; VIVO Sostenible - Lo \u00faltimo en hogares sostenibles y Passivhaus","robots":{"index":"index","follow":"follow","max-snippet":"max-snippet:-1","max-image-preview":"max-image-preview:large","max-video-preview":"max-video-preview:-1"},"canonical":"https:\/\/vivosostenible.com\/en\/elementor-2318\/","og_locale":"en_GB","og_type":"article","og_description":"VIVO fin de semana Vivienda eficiente energ\u00e9ticamente gracias a su construcci\u00f3n pensada en conseguir un confort interno excelente. Su aislamiento de triple capa, su ventilaci\u00f3n mec\u00e1nica silenciosa para renovaci\u00f3n constante de aire y las ventanas de doble cristal insertado hace que un hogar vivo sea herm\u00e9tico y ideal para mantener el confort clim\u00e1tico en el [&hellip;]","og_url":"https:\/\/vivosostenible.com\/en\/elementor-2318\/","og_site_name":"VIVO Sostenible - Lo \u00faltimo en hogares sostenibles y Passivhaus","article_publisher":"https:\/\/www.facebook.com\/vivohogaressostenibles\/","article_modified_time":"2023-07-18T09:16:08+00:00","og_image":[{"url":"https:\/\/vivosostenible.com\/wp-content\/uploads\/2023\/07\/Casa-modular-sostenible-vivo-.png","type":"","width":"","height":""}],"twitter_card":"summary_large_image","schema":{"@context":"https:\/\/schema.org","@graph":[{"@type":"WebPage","@id":"https:\/\/vivosostenible.com\/elementor-2318\/","url":"https:\/\/vivosostenible.com\/elementor-2318\/","name":"&#187; VIVO Sostenible - Lo \u00faltimo en hogares sostenibles y Passivhaus","isPartOf":{"@id":"https:\/\/vivosostenible.com\/#website"},"primaryImageOfPage":{"@id":"https:\/\/vivosostenible.com\/elementor-2318\/#primaryimage"},"image":{"@id":"https:\/\/vivosostenible.com\/elementor-2318\/#primaryimage"},"thumbnailUrl":"https:\/\/vivosostenible.com\/wp-content\/uploads\/2023\/07\/Casa-modular-sostenible-vivo-.png","datePublished":"2023-07-18T09:11:45+00:00","dateModified":"2023-07-18T09:16:08+00:00","inLanguage":"en-GB","potentialAction":[{"@type":"ReadAction","target":["https:\/\/vivosostenible.com\/elementor-2318\/"]}]},{"@type":"ImageObject","inLanguage":"en-GB","@id":"https:\/\/vivosostenible.com\/elementor-2318\/#primaryimage","url":"https:\/\/vivosostenible.com\/wp-content\/uploads\/2023\/07\/Casa-modular-sostenible-vivo-.png","contentUrl":"https:\/\/vivosostenible.com\/wp-content\/uploads\/2023\/07\/Casa-modular-sostenible-vivo-.png"},{"@type":"WebSite","@id":"https:\/\/vivosostenible.com\/#website","url":"https:\/\/vivosostenible.com\/","name":"VIVO Sostenible - Sustainable homes and Passivhaus","description":"VIVO Sustainable Homes are not just homes, it is a way of understanding life. VIVO is born from love and contact with nature.","publisher":{"@id":"https:\/\/vivosostenible.com\/#organization"},"potentialAction":[{"@type":"SearchAction","target":{"@type":"EntryPoint","urlTemplate":"https:\/\/vivosostenible.com\/?s={search_term_string}"},"query-input":{"@type":"PropertyValueSpecification","valueRequired":true,"valueName":"search_term_string"}}],"inLanguage":"en-GB"},{"@type":"Organization","@id":"https:\/\/vivosostenible.com\/#organization","name":"VIVO Sustainable Homes","url":"https:\/\/vivosostenible.com\/","logo":{"@type":"ImageObject","inLanguage":"en-GB","@id":"https:\/\/vivosostenible.com\/#\/schema\/logo\/image\/","url":"https:\/\/vivosostenible.com\/wp-content\/uploads\/2021\/05\/cropped-Vivo_Principal.png","contentUrl":"https:\/\/vivosostenible.com\/wp-content\/uploads\/2021\/05\/cropped-Vivo_Principal.png","width":4549,"height":1688,"caption":"VIVO Hogares Sostenibles"},"image":{"@id":"https:\/\/vivosostenible.com\/#\/schema\/logo\/image\/"},"sameAs":["https:\/\/www.facebook.com\/vivohogaressostenibles\/","https:\/\/www.instagram.com\/vivohogares\/"]}]}},"_links":{"self":[{"href":"https:\/\/vivosostenible.com\/en\/wp-json\/wp\/v2\/pages\/2318","targetHints":{"allow":["GET"]}}],"collection":[{"href":"https:\/\/vivosostenible.com\/en\/wp-json\/wp\/v2\/pages"}],"about":[{"href":"https:\/\/vivosostenible.com\/en\/wp-json\/wp\/v2\/types\/page"}],"author":[{"embeddable":true,"href":"https:\/\/vivosostenible.com\/en\/wp-json\/wp\/v2\/users\/1"}],"replies":[{"embeddable":true,"href":"https:\/\/vivosostenible.com\/en\/wp-json\/wp\/v2\/comments?post=2318"}],"version-history":[{"count":0,"href":"https:\/\/vivosostenible.com\/en\/wp-json\/wp\/v2\/pages\/2318\/revisions"}],"wp:attachment":[{"href":"https:\/\/vivosostenible.com\/en\/wp-json\/wp\/v2\/media?parent=2318"}],"curies":[{"name":"wp","href":"https:\/\/api.w.org\/{rel}","templated":true}]}}