{"id":2362,"date":"2023-07-18T12:18:24","date_gmt":"2023-07-18T10:18:24","guid":{"rendered":"https:\/\/vivosostenible.com\/?page_id=2362"},"modified":"2023-07-18T13:33:48","modified_gmt":"2023-07-18T11:33:48","slug":"elementor-2362","status":"publish","type":"page","link":"https:\/\/vivosostenible.com\/en\/elementor-2362\/","title":{"rendered":""},"content":{"rendered":"<div data-elementor-type=\"wp-page\" data-elementor-id=\"2362\" class=\"elementor elementor-2362\" data-elementor-post-type=\"page\">\n\t\t\t\t\t\t<section class=\"elementor-section elementor-top-section elementor-element elementor-element-271d1287 elementor-section-boxed elementor-section-height-default elementor-section-height-default\" data-id=\"271d1287\" data-element_type=\"section\">\n\t\t\t\t\t\t<div class=\"elementor-container elementor-column-gap-default\">\n\t\t\t\t\t<div class=\"elementor-column elementor-col-100 elementor-top-column elementor-element elementor-element-72c28a14\" data-id=\"72c28a14\" data-element_type=\"column\">\n\t\t\t<div class=\"elementor-widget-wrap elementor-element-populated\">\n\t\t\t\t\t\t<div class=\"elementor-element elementor-element-79bae354 elementor-widget elementor-widget-heading\" data-id=\"79bae354\" data-element_type=\"widget\" data-widget_type=\"heading.default\">\n\t\t\t\t<div class=\"elementor-widget-container\">\n\t\t\t\t\t<h2 class=\"elementor-heading-title elementor-size-xl\">VIVO 2 Habitaciones 2 M\u00f3dulo <\/h2>\t\t\t\t<\/div>\n\t\t\t\t<\/div>\n\t\t\t\t\t<\/div>\n\t\t<\/div>\n\t\t\t\t\t<\/div>\n\t\t<\/section>\n\t\t\t\t<section class=\"elementor-section elementor-top-section elementor-element elementor-element-7bf4a146 elementor-section-boxed elementor-section-height-default elementor-section-height-default\" data-id=\"7bf4a146\" data-element_type=\"section\">\n\t\t\t\t\t\t<div class=\"elementor-container elementor-column-gap-default\">\n\t\t\t\t\t<div class=\"elementor-column elementor-col-100 elementor-top-column elementor-element elementor-element-69517ef8\" data-id=\"69517ef8\" data-element_type=\"column\">\n\t\t\t<div class=\"elementor-widget-wrap elementor-element-populated\">\n\t\t\t\t\t\t<div class=\"elementor-element elementor-element-51d2183c elementor-widget elementor-widget-image\" data-id=\"51d2183c\" data-element_type=\"widget\" data-widget_type=\"image.default\">\n\t\t\t\t<div class=\"elementor-widget-container\">\n\t\t\t\t\t\t\t\t\t\t\t\t\t\t\t<img fetchpriority=\"high\" decoding=\"async\" width=\"800\" height=\"654\" src=\"https:\/\/vivosostenible.com\/wp-content\/uploads\/2023\/07\/Casa-prefabricada-modular-La-Manga-.png\" class=\"attachment-large size-large wp-image-2409\" alt=\"\" srcset=\"https:\/\/vivosostenible.com\/wp-content\/uploads\/2023\/07\/Casa-prefabricada-modular-La-Manga-.png 957w, https:\/\/vivosostenible.com\/wp-content\/uploads\/2023\/07\/Casa-prefabricada-modular-La-Manga--300x245.png 300w, https:\/\/vivosostenible.com\/wp-content\/uploads\/2023\/07\/Casa-prefabricada-modular-La-Manga--768x628.png 768w, https:\/\/vivosostenible.com\/wp-content\/uploads\/2023\/07\/Casa-prefabricada-modular-La-Manga--15x12.png 15w\" sizes=\"(max-width: 800px) 100vw, 800px\" \/>\t\t\t\t\t\t\t\t\t\t\t\t\t\t\t<\/div>\n\t\t\t\t<\/div>\n\t\t\t\t\t<\/div>\n\t\t<\/div>\n\t\t\t\t\t<\/div>\n\t\t<\/section>\n\t\t\t\t<section class=\"elementor-section elementor-top-section elementor-element elementor-element-1e0fabcf elementor-section-boxed elementor-section-height-default elementor-section-height-default\" data-id=\"1e0fabcf\" data-element_type=\"section\">\n\t\t\t\t\t\t<div class=\"elementor-container elementor-column-gap-default\">\n\t\t\t\t\t<div class=\"elementor-column elementor-col-50 elementor-top-column elementor-element elementor-element-ff7315c\" data-id=\"ff7315c\" data-element_type=\"column\">\n\t\t\t<div class=\"elementor-widget-wrap elementor-element-populated\">\n\t\t\t\t\t\t<div class=\"elementor-element elementor-element-676a1b11 elementor-widget elementor-widget-image\" data-id=\"676a1b11\" data-element_type=\"widget\" data-widget_type=\"image.default\">\n\t\t\t\t<div class=\"elementor-widget-container\">\n\t\t\t\t\t\t\t\t\t\t\t\t\t\t\t<img decoding=\"async\" width=\"300\" height=\"259\" src=\"https:\/\/vivosostenible.com\/wp-content\/uploads\/2023\/07\/asedassd-300x259.png\" class=\"attachment-medium size-medium wp-image-2414\" alt=\"\" srcset=\"https:\/\/vivosostenible.com\/wp-content\/uploads\/2023\/07\/asedassd-300x259.png 300w, https:\/\/vivosostenible.com\/wp-content\/uploads\/2023\/07\/asedassd-14x12.png 14w, https:\/\/vivosostenible.com\/wp-content\/uploads\/2023\/07\/asedassd.png 412w\" sizes=\"(max-width: 300px) 100vw, 300px\" \/>\t\t\t\t\t\t\t\t\t\t\t\t\t\t\t<\/div>\n\t\t\t\t<\/div>\n\t\t\t\t\t<\/div>\n\t\t<\/div>\n\t\t\t\t<div class=\"elementor-column elementor-col-50 elementor-top-column elementor-element elementor-element-2495ebb0\" data-id=\"2495ebb0\" data-element_type=\"column\">\n\t\t\t<div class=\"elementor-widget-wrap elementor-element-populated\">\n\t\t\t\t\t\t<div class=\"elementor-element elementor-element-777f1d33 elementor-widget elementor-widget-text-editor\" data-id=\"777f1d33\" data-element_type=\"widget\" data-widget_type=\"text-editor.default\">\n\t\t\t\t<div class=\"elementor-widget-container\">\n\t\t\t\t\t\t\t\t\t<p>Vivienda eficiente energ\u00e9ticamente gracias a su construcci\u00f3n pensada en conseguir un confort interno excelente. Su aislamiento de triple capa, su ventilaci\u00f3n mec\u00e1nica silenciosa para renovaci\u00f3n constante de aire y las ventanas de doble cristal insertado hace que un hogar vivo sea herm\u00e9tico y ideal para mantener el confort clim\u00e1tico en el interior gracias a sus sistema de ventilaci\u00f3n.\u00a0<\/p>\t\t\t\t\t\t\t\t<\/div>\n\t\t\t\t<\/div>\n\t\t\t\t\t<\/div>\n\t\t<\/div>\n\t\t\t\t\t<\/div>\n\t\t<\/section>\n\t\t\t\t<section class=\"elementor-section elementor-top-section elementor-element elementor-element-46ebffd1 elementor-section-boxed elementor-section-height-default elementor-section-height-default\" data-id=\"46ebffd1\" data-element_type=\"section\">\n\t\t\t\t\t\t<div class=\"elementor-container elementor-column-gap-default\">\n\t\t\t\t\t<div class=\"elementor-column elementor-col-100 elementor-top-column elementor-element elementor-element-2c01310c\" data-id=\"2c01310c\" data-element_type=\"column\">\n\t\t\t<div class=\"elementor-widget-wrap elementor-element-populated\">\n\t\t\t\t\t\t<div class=\"elementor-element elementor-element-0b2e117 elementor-widget elementor-widget-image\" data-id=\"0b2e117\" data-element_type=\"widget\" data-widget_type=\"image.default\">\n\t\t\t\t<div class=\"elementor-widget-container\">\n\t\t\t\t\t\t\t\t\t\t\t\t\t\t\t<img decoding=\"async\" width=\"800\" height=\"634\" src=\"https:\/\/vivosostenible.com\/wp-content\/uploads\/2023\/07\/2-habitaciones-3-modulos-vivo.png\" class=\"attachment-large size-large wp-image-2413\" alt=\"\" srcset=\"https:\/\/vivosostenible.com\/wp-content\/uploads\/2023\/07\/2-habitaciones-3-modulos-vivo.png 981w, https:\/\/vivosostenible.com\/wp-content\/uploads\/2023\/07\/2-habitaciones-3-modulos-vivo-300x238.png 300w, https:\/\/vivosostenible.com\/wp-content\/uploads\/2023\/07\/2-habitaciones-3-modulos-vivo-768x609.png 768w, https:\/\/vivosostenible.com\/wp-content\/uploads\/2023\/07\/2-habitaciones-3-modulos-vivo-15x12.png 15w\" sizes=\"(max-width: 800px) 100vw, 800px\" \/>\t\t\t\t\t\t\t\t\t\t\t\t\t\t\t<\/div>\n\t\t\t\t<\/div>\n\t\t\t\t<div class=\"elementor-element elementor-element-686b1a2e elementor-widget elementor-widget-text-editor\" data-id=\"686b1a2e\" data-element_type=\"widget\" data-widget_type=\"text-editor.default\">\n\t\t\t\t<div class=\"elementor-widget-container\">\n\t\t\t\t\t\t\t\t\t<p>Cada hogar VIVO es \u00fanico, irrepetible y a medida. Nuestra propuesta de distribuci\u00f3n puede ser modificada seg\u00fan las necesidades del usuario, al igual que los acabados pueden modificarse en funci\u00f3n de las preferencias de los clientes.\u00a0<\/p><p>\u00a1<b>Tu hogar VIVO es \u00fanico e irrepetible!<\/b><\/p>\t\t\t\t\t\t\t\t<\/div>\n\t\t\t\t<\/div>\n\t\t\t\t<div class=\"elementor-element elementor-element-2bfa08a6 elementor-widget elementor-widget-spacer\" data-id=\"2bfa08a6\" data-element_type=\"widget\" data-widget_type=\"spacer.default\">\n\t\t\t\t<div class=\"elementor-widget-container\">\n\t\t\t\t\t\t\t<div class=\"elementor-spacer\">\n\t\t\t<div class=\"elementor-spacer-inner\"><\/div>\n\t\t<\/div>\n\t\t\t\t\t\t<\/div>\n\t\t\t\t<\/div>\n\t\t\t\t\t<\/div>\n\t\t<\/div>\n\t\t\t\t\t<\/div>\n\t\t<\/section>\n\t\t\t\t<section class=\"elementor-section elementor-top-section elementor-element elementor-element-2941628 elementor-section-boxed elementor-section-height-default elementor-section-height-default\" data-id=\"2941628\" data-element_type=\"section\">\n\t\t\t\t\t\t<div class=\"elementor-container elementor-column-gap-default\">\n\t\t\t\t\t<div class=\"elementor-column elementor-col-33 elementor-top-column elementor-element elementor-element-803aec8\" data-id=\"803aec8\" data-element_type=\"column\">\n\t\t\t<div class=\"elementor-widget-wrap\">\n\t\t\t\t\t\t\t<\/div>\n\t\t<\/div>\n\t\t\t\t<div class=\"elementor-column elementor-col-33 elementor-top-column elementor-element elementor-element-745e03b\" data-id=\"745e03b\" data-element_type=\"column\">\n\t\t\t<div class=\"elementor-widget-wrap elementor-element-populated\">\n\t\t\t\t\t\t<div class=\"elementor-element elementor-element-1baa72f elementor-widget elementor-widget-image\" data-id=\"1baa72f\" data-element_type=\"widget\" data-widget_type=\"image.default\">\n\t\t\t\t<div class=\"elementor-widget-container\">\n\t\t\t\t\t\t\t\t\t\t\t\t\t\t\t<img loading=\"lazy\" decoding=\"async\" width=\"341\" height=\"350\" src=\"https:\/\/vivosostenible.com\/wp-content\/uploads\/2023\/07\/2-habitaciones-2-dimensiones-1.png\" class=\"attachment-large size-large wp-image-2412\" alt=\"\" srcset=\"https:\/\/vivosostenible.com\/wp-content\/uploads\/2023\/07\/2-habitaciones-2-dimensiones-1.png 341w, https:\/\/vivosostenible.com\/wp-content\/uploads\/2023\/07\/2-habitaciones-2-dimensiones-1-292x300.png 292w, https:\/\/vivosostenible.com\/wp-content\/uploads\/2023\/07\/2-habitaciones-2-dimensiones-1-12x12.png 12w\" sizes=\"(max-width: 341px) 100vw, 341px\" \/>\t\t\t\t\t\t\t\t\t\t\t\t\t\t\t<\/div>\n\t\t\t\t<\/div>\n\t\t\t\t\t<\/div>\n\t\t<\/div>\n\t\t\t\t<div class=\"elementor-column elementor-col-33 elementor-top-column elementor-element elementor-element-d775c24\" data-id=\"d775c24\" data-element_type=\"column\">\n\t\t\t<div class=\"elementor-widget-wrap\">\n\t\t\t\t\t\t\t<\/div>\n\t\t<\/div>\n\t\t\t\t\t<\/div>\n\t\t<\/section>\n\t\t\t\t<\/div>","protected":false},"excerpt":{"rendered":"<p>VIVO 2 Habitaciones 2 M\u00f3dulo Vivienda eficiente energ\u00e9ticamente gracias a su construcci\u00f3n pensada en conseguir un confort interno excelente. Su aislamiento de triple capa, su ventilaci\u00f3n mec\u00e1nica silenciosa para renovaci\u00f3n constante de aire y las ventanas de doble cristal insertado hace que un hogar vivo sea herm\u00e9tico y ideal para mantener el confort clim\u00e1tico en [&hellip;]<\/p>","protected":false},"author":1,"featured_media":0,"parent":0,"menu_order":0,"comment_status":"closed","ping_status":"closed","template":"","meta":{"_joinchat":[],"footnotes":""},"class_list":["post-2362","page","type-page","status-publish","hentry"],"yoast_head":"<!-- This site is optimized with the Yoast SEO Premium plugin v24.0 (Yoast SEO v25.5) - https:\/\/yoast.com\/wordpress\/plugins\/seo\/ -->\n<title>&#187; VIVO Sostenible - Lo \u00faltimo en hogares sostenibles y Passivhaus<\/title>\n<meta name=\"robots\" content=\"index, follow, max-snippet:-1, max-image-preview:large, max-video-preview:-1\" \/>\n<link rel=\"canonical\" href=\"https:\/\/vivosostenible.com\/en\/elementor-2362\/\" \/>\n<meta property=\"og:locale\" content=\"en_GB\" \/>\n<meta property=\"og:type\" content=\"article\" \/>\n<meta property=\"og:description\" content=\"VIVO 2 Habitaciones 2 M\u00f3dulo Vivienda eficiente energ\u00e9ticamente gracias a su construcci\u00f3n pensada en conseguir un confort interno excelente. Su aislamiento de triple capa, su ventilaci\u00f3n mec\u00e1nica silenciosa para renovaci\u00f3n constante de aire y las ventanas de doble cristal insertado hace que un hogar vivo sea herm\u00e9tico y ideal para mantener el confort clim\u00e1tico en [&hellip;]\" \/>\n<meta property=\"og:url\" content=\"https:\/\/vivosostenible.com\/en\/elementor-2362\/\" \/>\n<meta property=\"og:site_name\" content=\"VIVO Sostenible - Lo \u00faltimo en hogares sostenibles y Passivhaus\" \/>\n<meta property=\"article:publisher\" content=\"https:\/\/www.facebook.com\/vivohogaressostenibles\/\" \/>\n<meta property=\"article:modified_time\" content=\"2023-07-18T11:33:48+00:00\" \/>\n<meta property=\"og:image\" content=\"https:\/\/vivosostenible.com\/wp-content\/uploads\/2023\/07\/Casa-prefabricada-modular-La-Manga-.png\" \/>\n<meta name=\"twitter:card\" content=\"summary_large_image\" \/>\n<script type=\"application\/ld+json\" class=\"yoast-schema-graph\">{\"@context\":\"https:\/\/schema.org\",\"@graph\":[{\"@type\":\"WebPage\",\"@id\":\"https:\/\/vivosostenible.com\/elementor-2362\/\",\"url\":\"https:\/\/vivosostenible.com\/elementor-2362\/\",\"name\":\"&#187; VIVO Sostenible - Lo \u00faltimo en hogares sostenibles y Passivhaus\",\"isPartOf\":{\"@id\":\"https:\/\/vivosostenible.com\/#website\"},\"primaryImageOfPage\":{\"@id\":\"https:\/\/vivosostenible.com\/elementor-2362\/#primaryimage\"},\"image\":{\"@id\":\"https:\/\/vivosostenible.com\/elementor-2362\/#primaryimage\"},\"thumbnailUrl\":\"https:\/\/vivosostenible.com\/wp-content\/uploads\/2023\/07\/Casa-prefabricada-modular-La-Manga-.png\",\"datePublished\":\"2023-07-18T10:18:24+00:00\",\"dateModified\":\"2023-07-18T11:33:48+00:00\",\"inLanguage\":\"en-GB\",\"potentialAction\":[{\"@type\":\"ReadAction\",\"target\":[\"https:\/\/vivosostenible.com\/elementor-2362\/\"]}]},{\"@type\":\"ImageObject\",\"inLanguage\":\"en-GB\",\"@id\":\"https:\/\/vivosostenible.com\/elementor-2362\/#primaryimage\",\"url\":\"https:\/\/vivosostenible.com\/wp-content\/uploads\/2023\/07\/Casa-prefabricada-modular-La-Manga-.png\",\"contentUrl\":\"https:\/\/vivosostenible.com\/wp-content\/uploads\/2023\/07\/Casa-prefabricada-modular-La-Manga-.png\"},{\"@type\":\"WebSite\",\"@id\":\"https:\/\/vivosostenible.com\/#website\",\"url\":\"https:\/\/vivosostenible.com\/\",\"name\":\"VIVO Sostenible - Lo \u00faltimo en hogares sostenibles y Passivhaus\",\"description\":\"VIVO Hogares Sostenibles no son solo viviendas, es una forma de entender la vida. VIVO nace del amor y el contacto con la naturaleza.\",\"publisher\":{\"@id\":\"https:\/\/vivosostenible.com\/#organization\"},\"potentialAction\":[{\"@type\":\"SearchAction\",\"target\":{\"@type\":\"EntryPoint\",\"urlTemplate\":\"https:\/\/vivosostenible.com\/?s={search_term_string}\"},\"query-input\":{\"@type\":\"PropertyValueSpecification\",\"valueRequired\":true,\"valueName\":\"search_term_string\"}}],\"inLanguage\":\"en-GB\"},{\"@type\":\"Organization\",\"@id\":\"https:\/\/vivosostenible.com\/#organization\",\"name\":\"VIVO Hogares Sostenibles\",\"url\":\"https:\/\/vivosostenible.com\/\",\"logo\":{\"@type\":\"ImageObject\",\"inLanguage\":\"en-GB\",\"@id\":\"https:\/\/vivosostenible.com\/#\/schema\/logo\/image\/\",\"url\":\"https:\/\/vivosostenible.com\/wp-content\/uploads\/2021\/05\/cropped-Vivo_Principal.png\",\"contentUrl\":\"https:\/\/vivosostenible.com\/wp-content\/uploads\/2021\/05\/cropped-Vivo_Principal.png\",\"width\":4549,\"height\":1688,\"caption\":\"VIVO Hogares Sostenibles\"},\"image\":{\"@id\":\"https:\/\/vivosostenible.com\/#\/schema\/logo\/image\/\"},\"sameAs\":[\"https:\/\/www.facebook.com\/vivohogaressostenibles\/\",\"https:\/\/www.instagram.com\/vivohogares\/\"]}]}<\/script>\n<!-- \/ Yoast SEO Premium plugin. -->","yoast_head_json":{"title":"&#187; VIVO Sostenible - Lo \u00faltimo en hogares sostenibles y Passivhaus","robots":{"index":"index","follow":"follow","max-snippet":"max-snippet:-1","max-image-preview":"max-image-preview:large","max-video-preview":"max-video-preview:-1"},"canonical":"https:\/\/vivosostenible.com\/en\/elementor-2362\/","og_locale":"en_GB","og_type":"article","og_description":"VIVO 2 Habitaciones 2 M\u00f3dulo Vivienda eficiente energ\u00e9ticamente gracias a su construcci\u00f3n pensada en conseguir un confort interno excelente. Su aislamiento de triple capa, su ventilaci\u00f3n mec\u00e1nica silenciosa para renovaci\u00f3n constante de aire y las ventanas de doble cristal insertado hace que un hogar vivo sea herm\u00e9tico y ideal para mantener el confort clim\u00e1tico en [&hellip;]","og_url":"https:\/\/vivosostenible.com\/en\/elementor-2362\/","og_site_name":"VIVO Sostenible - Lo \u00faltimo en hogares sostenibles y Passivhaus","article_publisher":"https:\/\/www.facebook.com\/vivohogaressostenibles\/","article_modified_time":"2023-07-18T11:33:48+00:00","og_image":[{"url":"https:\/\/vivosostenible.com\/wp-content\/uploads\/2023\/07\/Casa-prefabricada-modular-La-Manga-.png","type":"","width":"","height":""}],"twitter_card":"summary_large_image","schema":{"@context":"https:\/\/schema.org","@graph":[{"@type":"WebPage","@id":"https:\/\/vivosostenible.com\/elementor-2362\/","url":"https:\/\/vivosostenible.com\/elementor-2362\/","name":"&#187; VIVO Sostenible - Lo \u00faltimo en hogares sostenibles y Passivhaus","isPartOf":{"@id":"https:\/\/vivosostenible.com\/#website"},"primaryImageOfPage":{"@id":"https:\/\/vivosostenible.com\/elementor-2362\/#primaryimage"},"image":{"@id":"https:\/\/vivosostenible.com\/elementor-2362\/#primaryimage"},"thumbnailUrl":"https:\/\/vivosostenible.com\/wp-content\/uploads\/2023\/07\/Casa-prefabricada-modular-La-Manga-.png","datePublished":"2023-07-18T10:18:24+00:00","dateModified":"2023-07-18T11:33:48+00:00","inLanguage":"en-GB","potentialAction":[{"@type":"ReadAction","target":["https:\/\/vivosostenible.com\/elementor-2362\/"]}]},{"@type":"ImageObject","inLanguage":"en-GB","@id":"https:\/\/vivosostenible.com\/elementor-2362\/#primaryimage","url":"https:\/\/vivosostenible.com\/wp-content\/uploads\/2023\/07\/Casa-prefabricada-modular-La-Manga-.png","contentUrl":"https:\/\/vivosostenible.com\/wp-content\/uploads\/2023\/07\/Casa-prefabricada-modular-La-Manga-.png"},{"@type":"WebSite","@id":"https:\/\/vivosostenible.com\/#website","url":"https:\/\/vivosostenible.com\/","name":"VIVO Sostenible - Sustainable homes and Passivhaus","description":"VIVO Sustainable Homes are not just homes, it is a way of understanding life. VIVO is born from love and contact with nature.","publisher":{"@id":"https:\/\/vivosostenible.com\/#organization"},"potentialAction":[{"@type":"SearchAction","target":{"@type":"EntryPoint","urlTemplate":"https:\/\/vivosostenible.com\/?s={search_term_string}"},"query-input":{"@type":"PropertyValueSpecification","valueRequired":true,"valueName":"search_term_string"}}],"inLanguage":"en-GB"},{"@type":"Organization","@id":"https:\/\/vivosostenible.com\/#organization","name":"VIVO Sustainable Homes","url":"https:\/\/vivosostenible.com\/","logo":{"@type":"ImageObject","inLanguage":"en-GB","@id":"https:\/\/vivosostenible.com\/#\/schema\/logo\/image\/","url":"https:\/\/vivosostenible.com\/wp-content\/uploads\/2021\/05\/cropped-Vivo_Principal.png","contentUrl":"https:\/\/vivosostenible.com\/wp-content\/uploads\/2021\/05\/cropped-Vivo_Principal.png","width":4549,"height":1688,"caption":"VIVO Hogares Sostenibles"},"image":{"@id":"https:\/\/vivosostenible.com\/#\/schema\/logo\/image\/"},"sameAs":["https:\/\/www.facebook.com\/vivohogaressostenibles\/","https:\/\/www.instagram.com\/vivohogares\/"]}]}},"_links":{"self":[{"href":"https:\/\/vivosostenible.com\/en\/wp-json\/wp\/v2\/pages\/2362","targetHints":{"allow":["GET"]}}],"collection":[{"href":"https:\/\/vivosostenible.com\/en\/wp-json\/wp\/v2\/pages"}],"about":[{"href":"https:\/\/vivosostenible.com\/en\/wp-json\/wp\/v2\/types\/page"}],"author":[{"embeddable":true,"href":"https:\/\/vivosostenible.com\/en\/wp-json\/wp\/v2\/users\/1"}],"replies":[{"embeddable":true,"href":"https:\/\/vivosostenible.com\/en\/wp-json\/wp\/v2\/comments?post=2362"}],"version-history":[{"count":0,"href":"https:\/\/vivosostenible.com\/en\/wp-json\/wp\/v2\/pages\/2362\/revisions"}],"wp:attachment":[{"href":"https:\/\/vivosostenible.com\/en\/wp-json\/wp\/v2\/media?parent=2362"}],"curies":[{"name":"wp","href":"https:\/\/api.w.org\/{rel}","templated":true}]}}