{"id":2374,"date":"2023-07-18T12:24:54","date_gmt":"2023-07-18T10:24:54","guid":{"rendered":"https:\/\/vivosostenible.com\/?page_id=2374"},"modified":"2023-07-18T13:12:02","modified_gmt":"2023-07-18T11:12:02","slug":"elementor-2374","status":"publish","type":"page","link":"https:\/\/vivosostenible.com\/en\/elementor-2374\/","title":{"rendered":""},"content":{"rendered":"<div data-elementor-type=\"wp-page\" data-elementor-id=\"2374\" class=\"elementor elementor-2374\" data-elementor-post-type=\"page\">\n\t\t\t\t\t\t<section class=\"elementor-section elementor-top-section elementor-element elementor-element-73409d67 elementor-section-boxed elementor-section-height-default elementor-section-height-default\" data-id=\"73409d67\" data-element_type=\"section\">\n\t\t\t\t\t\t<div class=\"elementor-container elementor-column-gap-default\">\n\t\t\t\t\t<div class=\"elementor-column elementor-col-100 elementor-top-column elementor-element elementor-element-4ea9b9c0\" data-id=\"4ea9b9c0\" data-element_type=\"column\">\n\t\t\t<div class=\"elementor-widget-wrap elementor-element-populated\">\n\t\t\t\t\t\t<div class=\"elementor-element elementor-element-15423c58 elementor-widget elementor-widget-heading\" data-id=\"15423c58\" data-element_type=\"widget\" data-widget_type=\"heading.default\">\n\t\t\t\t<div class=\"elementor-widget-container\">\n\t\t\t\t\t<h2 class=\"elementor-heading-title elementor-size-xl\">VIVO 2 M\u00f3dulos 1 Habitaci\u00f3n <\/h2>\t\t\t\t<\/div>\n\t\t\t\t<\/div>\n\t\t\t\t<div class=\"elementor-element elementor-element-5602faa6 elementor-widget elementor-widget-image\" data-id=\"5602faa6\" data-element_type=\"widget\" data-widget_type=\"image.default\">\n\t\t\t\t<div class=\"elementor-widget-container\">\n\t\t\t\t\t\t\t\t\t\t\t\t\t\t\t<img fetchpriority=\"high\" decoding=\"async\" width=\"800\" height=\"624\" src=\"https:\/\/vivosostenible.com\/wp-content\/uploads\/2023\/07\/Casa-prefabricada-modular-alicante.png\" class=\"attachment-large size-large wp-image-2365\" alt=\"\" srcset=\"https:\/\/vivosostenible.com\/wp-content\/uploads\/2023\/07\/Casa-prefabricada-modular-alicante.png 997w, https:\/\/vivosostenible.com\/wp-content\/uploads\/2023\/07\/Casa-prefabricada-modular-alicante-300x234.png 300w, https:\/\/vivosostenible.com\/wp-content\/uploads\/2023\/07\/Casa-prefabricada-modular-alicante-768x599.png 768w, https:\/\/vivosostenible.com\/wp-content\/uploads\/2023\/07\/Casa-prefabricada-modular-alicante-15x12.png 15w\" sizes=\"(max-width: 800px) 100vw, 800px\" \/>\t\t\t\t\t\t\t\t\t\t\t\t\t\t\t<\/div>\n\t\t\t\t<\/div>\n\t\t\t\t\t<\/div>\n\t\t<\/div>\n\t\t\t\t\t<\/div>\n\t\t<\/section>\n\t\t\t\t<section class=\"elementor-section elementor-top-section elementor-element elementor-element-2d8aaaa4 elementor-section-boxed elementor-section-height-default elementor-section-height-default\" data-id=\"2d8aaaa4\" data-element_type=\"section\">\n\t\t\t\t\t\t<div class=\"elementor-container elementor-column-gap-default\">\n\t\t\t\t\t<div class=\"elementor-column elementor-col-50 elementor-top-column elementor-element elementor-element-680d52f4\" data-id=\"680d52f4\" data-element_type=\"column\">\n\t\t\t<div class=\"elementor-widget-wrap elementor-element-populated\">\n\t\t\t\t\t\t<div class=\"elementor-element elementor-element-15bbe5e2 elementor-widget elementor-widget-image\" data-id=\"15bbe5e2\" data-element_type=\"widget\" data-widget_type=\"image.default\">\n\t\t\t\t<div class=\"elementor-widget-container\">\n\t\t\t\t\t\t\t\t\t\t\t\t\t\t\t<img decoding=\"async\" width=\"300\" height=\"202\" src=\"https:\/\/vivosostenible.com\/wp-content\/uploads\/2023\/07\/Dimensiones-Vivo-Alicante-300x202.png\" class=\"attachment-medium size-medium wp-image-2366\" alt=\"\" srcset=\"https:\/\/vivosostenible.com\/wp-content\/uploads\/2023\/07\/Dimensiones-Vivo-Alicante-300x202.png 300w, https:\/\/vivosostenible.com\/wp-content\/uploads\/2023\/07\/Dimensiones-Vivo-Alicante-18x12.png 18w, https:\/\/vivosostenible.com\/wp-content\/uploads\/2023\/07\/Dimensiones-Vivo-Alicante.png 555w\" sizes=\"(max-width: 300px) 100vw, 300px\" \/>\t\t\t\t\t\t\t\t\t\t\t\t\t\t\t<\/div>\n\t\t\t\t<\/div>\n\t\t\t\t\t<\/div>\n\t\t<\/div>\n\t\t\t\t<div class=\"elementor-column elementor-col-50 elementor-top-column elementor-element elementor-element-6733c0c8\" data-id=\"6733c0c8\" data-element_type=\"column\">\n\t\t\t<div class=\"elementor-widget-wrap elementor-element-populated\">\n\t\t\t\t\t\t<div class=\"elementor-element elementor-element-1bc67ef9 elementor-widget elementor-widget-text-editor\" data-id=\"1bc67ef9\" data-element_type=\"widget\" data-widget_type=\"text-editor.default\">\n\t\t\t\t<div class=\"elementor-widget-container\">\n\t\t\t\t\t\t\t\t\t<p>Vivienda eficiente energ\u00e9ticamente gracias a su construcci\u00f3n pensada en conseguir un confort interno excelente. Su aislamiento de triple capa, su ventilaci\u00f3n mec\u00e1nica silenciosa para renovaci\u00f3n constante de aire y las ventanas de doble cristal insertado hace que un hogar vivo sea herm\u00e9tico y ideal para mantener el confort clim\u00e1tico en el interior gracias a sus sistema de ventilaci\u00f3n.\u00a0<\/p>\t\t\t\t\t\t\t\t<\/div>\n\t\t\t\t<\/div>\n\t\t\t\t\t<\/div>\n\t\t<\/div>\n\t\t\t\t\t<\/div>\n\t\t<\/section>\n\t\t\t\t<section class=\"elementor-section elementor-top-section elementor-element elementor-element-2414bb83 elementor-section-boxed elementor-section-height-default elementor-section-height-default\" data-id=\"2414bb83\" data-element_type=\"section\">\n\t\t\t\t\t\t<div class=\"elementor-container elementor-column-gap-default\">\n\t\t\t\t\t<div class=\"elementor-column elementor-col-100 elementor-top-column elementor-element elementor-element-7116ccb6\" data-id=\"7116ccb6\" data-element_type=\"column\">\n\t\t\t<div class=\"elementor-widget-wrap elementor-element-populated\">\n\t\t\t\t\t\t<div class=\"elementor-element elementor-element-f9579a6 elementor-widget elementor-widget-image\" data-id=\"f9579a6\" data-element_type=\"widget\" data-widget_type=\"image.default\">\n\t\t\t\t<div class=\"elementor-widget-container\">\n\t\t\t\t\t\t\t\t\t\t\t\t\t\t\t<img decoding=\"async\" width=\"800\" height=\"616\" src=\"https:\/\/vivosostenible.com\/wp-content\/uploads\/2023\/07\/1-habvitacion-2-.png\" class=\"attachment-large size-large wp-image-2397\" alt=\"\" srcset=\"https:\/\/vivosostenible.com\/wp-content\/uploads\/2023\/07\/1-habvitacion-2-.png 1028w, https:\/\/vivosostenible.com\/wp-content\/uploads\/2023\/07\/1-habvitacion-2--300x231.png 300w, https:\/\/vivosostenible.com\/wp-content\/uploads\/2023\/07\/1-habvitacion-2--768x591.png 768w, https:\/\/vivosostenible.com\/wp-content\/uploads\/2023\/07\/1-habvitacion-2--16x12.png 16w\" sizes=\"(max-width: 800px) 100vw, 800px\" \/>\t\t\t\t\t\t\t\t\t\t\t\t\t\t\t<\/div>\n\t\t\t\t<\/div>\n\t\t\t\t\t<\/div>\n\t\t<\/div>\n\t\t\t\t\t<\/div>\n\t\t<\/section>\n\t\t\t\t<section class=\"elementor-section elementor-top-section elementor-element elementor-element-23db2cb elementor-section-boxed elementor-section-height-default elementor-section-height-default\" data-id=\"23db2cb\" data-element_type=\"section\">\n\t\t\t\t\t\t<div class=\"elementor-container elementor-column-gap-default\">\n\t\t\t\t\t<div class=\"elementor-column elementor-col-33 elementor-top-column elementor-element elementor-element-2521acf\" data-id=\"2521acf\" data-element_type=\"column\">\n\t\t\t<div class=\"elementor-widget-wrap\">\n\t\t\t\t\t\t\t<\/div>\n\t\t<\/div>\n\t\t\t\t<div class=\"elementor-column elementor-col-33 elementor-top-column elementor-element elementor-element-333d386\" data-id=\"333d386\" data-element_type=\"column\">\n\t\t\t<div class=\"elementor-widget-wrap elementor-element-populated\">\n\t\t\t\t\t\t<div class=\"elementor-element elementor-element-0b71e82 elementor-widget elementor-widget-image\" data-id=\"0b71e82\" data-element_type=\"widget\" data-widget_type=\"image.default\">\n\t\t\t\t<div class=\"elementor-widget-container\">\n\t\t\t\t\t\t\t\t\t\t\t\t\t\t\t<img loading=\"lazy\" decoding=\"async\" width=\"317\" height=\"325\" src=\"https:\/\/vivosostenible.com\/wp-content\/uploads\/2023\/07\/ficha-dos-.png\" class=\"attachment-large size-large wp-image-2398\" alt=\"\" srcset=\"https:\/\/vivosostenible.com\/wp-content\/uploads\/2023\/07\/ficha-dos-.png 317w, https:\/\/vivosostenible.com\/wp-content\/uploads\/2023\/07\/ficha-dos--293x300.png 293w, https:\/\/vivosostenible.com\/wp-content\/uploads\/2023\/07\/ficha-dos--12x12.png 12w\" sizes=\"(max-width: 317px) 100vw, 317px\" \/>\t\t\t\t\t\t\t\t\t\t\t\t\t\t\t<\/div>\n\t\t\t\t<\/div>\n\t\t\t\t\t<\/div>\n\t\t<\/div>\n\t\t\t\t<div class=\"elementor-column elementor-col-33 elementor-top-column elementor-element elementor-element-90c5e30\" data-id=\"90c5e30\" data-element_type=\"column\">\n\t\t\t<div class=\"elementor-widget-wrap\">\n\t\t\t\t\t\t\t<\/div>\n\t\t<\/div>\n\t\t\t\t\t<\/div>\n\t\t<\/section>\n\t\t\t\t<section class=\"elementor-section elementor-top-section elementor-element elementor-element-4e14f574 elementor-section-boxed elementor-section-height-default elementor-section-height-default\" data-id=\"4e14f574\" data-element_type=\"section\">\n\t\t\t\t\t\t<div class=\"elementor-container elementor-column-gap-default\">\n\t\t\t\t\t<div class=\"elementor-column elementor-col-100 elementor-top-column elementor-element elementor-element-61629095\" data-id=\"61629095\" data-element_type=\"column\">\n\t\t\t<div class=\"elementor-widget-wrap elementor-element-populated\">\n\t\t\t\t\t\t<div class=\"elementor-element elementor-element-340bafbc elementor-widget elementor-widget-text-editor\" data-id=\"340bafbc\" data-element_type=\"widget\" data-widget_type=\"text-editor.default\">\n\t\t\t\t<div class=\"elementor-widget-container\">\n\t\t\t\t\t\t\t\t\t<p>Cada hogar VIVO es \u00fanico, irrepetible y a medida. Nuestra propuesta de distribuci\u00f3n puede ser modificada seg\u00fan las necesidades del usuario, al igual que los acabados pueden modificarse en funci\u00f3n de las preferencias de los clientes.\u00a0<\/p><p>\u00a1<b>Tu hogar VIVO es \u00fanico e irrepetible!<\/b><\/p>\t\t\t\t\t\t\t\t<\/div>\n\t\t\t\t<\/div>\n\t\t\t\t<div class=\"elementor-element elementor-element-251b204f elementor-widget elementor-widget-spacer\" data-id=\"251b204f\" data-element_type=\"widget\" data-widget_type=\"spacer.default\">\n\t\t\t\t<div class=\"elementor-widget-container\">\n\t\t\t\t\t\t\t<div class=\"elementor-spacer\">\n\t\t\t<div class=\"elementor-spacer-inner\"><\/div>\n\t\t<\/div>\n\t\t\t\t\t\t<\/div>\n\t\t\t\t<\/div>\n\t\t\t\t\t<\/div>\n\t\t<\/div>\n\t\t\t\t\t<\/div>\n\t\t<\/section>\n\t\t\t\t<\/div>","protected":false},"excerpt":{"rendered":"<p>VIVO 2 M\u00f3dulos 1 Habitaci\u00f3n Vivienda eficiente energ\u00e9ticamente gracias a su construcci\u00f3n pensada en conseguir un confort interno excelente. Su aislamiento de triple capa, su ventilaci\u00f3n mec\u00e1nica silenciosa para renovaci\u00f3n constante de aire y las ventanas de doble cristal insertado hace que un hogar vivo sea herm\u00e9tico y ideal para mantener el confort clim\u00e1tico en [&hellip;]<\/p>","protected":false},"author":1,"featured_media":0,"parent":0,"menu_order":0,"comment_status":"closed","ping_status":"closed","template":"","meta":{"_joinchat":[],"footnotes":""},"class_list":["post-2374","page","type-page","status-publish","hentry"],"yoast_head":"<!-- This site is optimized with the Yoast SEO Premium plugin v24.0 (Yoast SEO v25.5) - https:\/\/yoast.com\/wordpress\/plugins\/seo\/ -->\n<title>&#187; VIVO Sostenible - Lo \u00faltimo en hogares sostenibles y Passivhaus<\/title>\n<meta name=\"robots\" content=\"index, follow, max-snippet:-1, max-image-preview:large, max-video-preview:-1\" \/>\n<link rel=\"canonical\" href=\"https:\/\/vivosostenible.com\/en\/elementor-2374\/\" \/>\n<meta property=\"og:locale\" content=\"en_GB\" \/>\n<meta property=\"og:type\" content=\"article\" \/>\n<meta property=\"og:description\" content=\"VIVO 2 M\u00f3dulos 1 Habitaci\u00f3n Vivienda eficiente energ\u00e9ticamente gracias a su construcci\u00f3n pensada en conseguir un confort interno excelente. Su aislamiento de triple capa, su ventilaci\u00f3n mec\u00e1nica silenciosa para renovaci\u00f3n constante de aire y las ventanas de doble cristal insertado hace que un hogar vivo sea herm\u00e9tico y ideal para mantener el confort clim\u00e1tico en [&hellip;]\" \/>\n<meta property=\"og:url\" content=\"https:\/\/vivosostenible.com\/en\/elementor-2374\/\" \/>\n<meta property=\"og:site_name\" content=\"VIVO Sostenible - Lo \u00faltimo en hogares sostenibles y Passivhaus\" \/>\n<meta property=\"article:publisher\" content=\"https:\/\/www.facebook.com\/vivohogaressostenibles\/\" \/>\n<meta property=\"article:modified_time\" content=\"2023-07-18T11:12:02+00:00\" \/>\n<meta property=\"og:image\" content=\"https:\/\/vivosostenible.com\/wp-content\/uploads\/2023\/07\/Casa-prefabricada-modular-alicante.png\" \/>\n<meta name=\"twitter:card\" content=\"summary_large_image\" \/>\n<script type=\"application\/ld+json\" class=\"yoast-schema-graph\">{\"@context\":\"https:\/\/schema.org\",\"@graph\":[{\"@type\":\"WebPage\",\"@id\":\"https:\/\/vivosostenible.com\/elementor-2374\/\",\"url\":\"https:\/\/vivosostenible.com\/elementor-2374\/\",\"name\":\"&#187; VIVO Sostenible - Lo \u00faltimo en hogares sostenibles y Passivhaus\",\"isPartOf\":{\"@id\":\"https:\/\/vivosostenible.com\/#website\"},\"primaryImageOfPage\":{\"@id\":\"https:\/\/vivosostenible.com\/elementor-2374\/#primaryimage\"},\"image\":{\"@id\":\"https:\/\/vivosostenible.com\/elementor-2374\/#primaryimage\"},\"thumbnailUrl\":\"https:\/\/vivosostenible.com\/wp-content\/uploads\/2023\/07\/Casa-prefabricada-modular-alicante.png\",\"datePublished\":\"2023-07-18T10:24:54+00:00\",\"dateModified\":\"2023-07-18T11:12:02+00:00\",\"inLanguage\":\"en-GB\",\"potentialAction\":[{\"@type\":\"ReadAction\",\"target\":[\"https:\/\/vivosostenible.com\/elementor-2374\/\"]}]},{\"@type\":\"ImageObject\",\"inLanguage\":\"en-GB\",\"@id\":\"https:\/\/vivosostenible.com\/elementor-2374\/#primaryimage\",\"url\":\"https:\/\/vivosostenible.com\/wp-content\/uploads\/2023\/07\/Casa-prefabricada-modular-alicante.png\",\"contentUrl\":\"https:\/\/vivosostenible.com\/wp-content\/uploads\/2023\/07\/Casa-prefabricada-modular-alicante.png\"},{\"@type\":\"WebSite\",\"@id\":\"https:\/\/vivosostenible.com\/#website\",\"url\":\"https:\/\/vivosostenible.com\/\",\"name\":\"VIVO Sostenible - Lo \u00faltimo en hogares sostenibles y Passivhaus\",\"description\":\"VIVO Hogares Sostenibles no son solo viviendas, es una forma de entender la vida. VIVO nace del amor y el contacto con la naturaleza.\",\"publisher\":{\"@id\":\"https:\/\/vivosostenible.com\/#organization\"},\"potentialAction\":[{\"@type\":\"SearchAction\",\"target\":{\"@type\":\"EntryPoint\",\"urlTemplate\":\"https:\/\/vivosostenible.com\/?s={search_term_string}\"},\"query-input\":{\"@type\":\"PropertyValueSpecification\",\"valueRequired\":true,\"valueName\":\"search_term_string\"}}],\"inLanguage\":\"en-GB\"},{\"@type\":\"Organization\",\"@id\":\"https:\/\/vivosostenible.com\/#organization\",\"name\":\"VIVO Hogares Sostenibles\",\"url\":\"https:\/\/vivosostenible.com\/\",\"logo\":{\"@type\":\"ImageObject\",\"inLanguage\":\"en-GB\",\"@id\":\"https:\/\/vivosostenible.com\/#\/schema\/logo\/image\/\",\"url\":\"https:\/\/vivosostenible.com\/wp-content\/uploads\/2021\/05\/cropped-Vivo_Principal.png\",\"contentUrl\":\"https:\/\/vivosostenible.com\/wp-content\/uploads\/2021\/05\/cropped-Vivo_Principal.png\",\"width\":4549,\"height\":1688,\"caption\":\"VIVO Hogares Sostenibles\"},\"image\":{\"@id\":\"https:\/\/vivosostenible.com\/#\/schema\/logo\/image\/\"},\"sameAs\":[\"https:\/\/www.facebook.com\/vivohogaressostenibles\/\",\"https:\/\/www.instagram.com\/vivohogares\/\"]}]}<\/script>\n<!-- \/ Yoast SEO Premium plugin. -->","yoast_head_json":{"title":"&#187; VIVO Sostenible - Lo \u00faltimo en hogares sostenibles y Passivhaus","robots":{"index":"index","follow":"follow","max-snippet":"max-snippet:-1","max-image-preview":"max-image-preview:large","max-video-preview":"max-video-preview:-1"},"canonical":"https:\/\/vivosostenible.com\/en\/elementor-2374\/","og_locale":"en_GB","og_type":"article","og_description":"VIVO 2 M\u00f3dulos 1 Habitaci\u00f3n Vivienda eficiente energ\u00e9ticamente gracias a su construcci\u00f3n pensada en conseguir un confort interno excelente. Su aislamiento de triple capa, su ventilaci\u00f3n mec\u00e1nica silenciosa para renovaci\u00f3n constante de aire y las ventanas de doble cristal insertado hace que un hogar vivo sea herm\u00e9tico y ideal para mantener el confort clim\u00e1tico en [&hellip;]","og_url":"https:\/\/vivosostenible.com\/en\/elementor-2374\/","og_site_name":"VIVO Sostenible - Lo \u00faltimo en hogares sostenibles y Passivhaus","article_publisher":"https:\/\/www.facebook.com\/vivohogaressostenibles\/","article_modified_time":"2023-07-18T11:12:02+00:00","og_image":[{"url":"https:\/\/vivosostenible.com\/wp-content\/uploads\/2023\/07\/Casa-prefabricada-modular-alicante.png","type":"","width":"","height":""}],"twitter_card":"summary_large_image","schema":{"@context":"https:\/\/schema.org","@graph":[{"@type":"WebPage","@id":"https:\/\/vivosostenible.com\/elementor-2374\/","url":"https:\/\/vivosostenible.com\/elementor-2374\/","name":"&#187; VIVO Sostenible - Lo \u00faltimo en hogares sostenibles y Passivhaus","isPartOf":{"@id":"https:\/\/vivosostenible.com\/#website"},"primaryImageOfPage":{"@id":"https:\/\/vivosostenible.com\/elementor-2374\/#primaryimage"},"image":{"@id":"https:\/\/vivosostenible.com\/elementor-2374\/#primaryimage"},"thumbnailUrl":"https:\/\/vivosostenible.com\/wp-content\/uploads\/2023\/07\/Casa-prefabricada-modular-alicante.png","datePublished":"2023-07-18T10:24:54+00:00","dateModified":"2023-07-18T11:12:02+00:00","inLanguage":"en-GB","potentialAction":[{"@type":"ReadAction","target":["https:\/\/vivosostenible.com\/elementor-2374\/"]}]},{"@type":"ImageObject","inLanguage":"en-GB","@id":"https:\/\/vivosostenible.com\/elementor-2374\/#primaryimage","url":"https:\/\/vivosostenible.com\/wp-content\/uploads\/2023\/07\/Casa-prefabricada-modular-alicante.png","contentUrl":"https:\/\/vivosostenible.com\/wp-content\/uploads\/2023\/07\/Casa-prefabricada-modular-alicante.png"},{"@type":"WebSite","@id":"https:\/\/vivosostenible.com\/#website","url":"https:\/\/vivosostenible.com\/","name":"VIVO Sostenible - Sustainable homes and Passivhaus","description":"VIVO Sustainable Homes are not just homes, it is a way of understanding life. VIVO is born from love and contact with nature.","publisher":{"@id":"https:\/\/vivosostenible.com\/#organization"},"potentialAction":[{"@type":"SearchAction","target":{"@type":"EntryPoint","urlTemplate":"https:\/\/vivosostenible.com\/?s={search_term_string}"},"query-input":{"@type":"PropertyValueSpecification","valueRequired":true,"valueName":"search_term_string"}}],"inLanguage":"en-GB"},{"@type":"Organization","@id":"https:\/\/vivosostenible.com\/#organization","name":"VIVO Sustainable Homes","url":"https:\/\/vivosostenible.com\/","logo":{"@type":"ImageObject","inLanguage":"en-GB","@id":"https:\/\/vivosostenible.com\/#\/schema\/logo\/image\/","url":"https:\/\/vivosostenible.com\/wp-content\/uploads\/2021\/05\/cropped-Vivo_Principal.png","contentUrl":"https:\/\/vivosostenible.com\/wp-content\/uploads\/2021\/05\/cropped-Vivo_Principal.png","width":4549,"height":1688,"caption":"VIVO Hogares Sostenibles"},"image":{"@id":"https:\/\/vivosostenible.com\/#\/schema\/logo\/image\/"},"sameAs":["https:\/\/www.facebook.com\/vivohogaressostenibles\/","https:\/\/www.instagram.com\/vivohogares\/"]}]}},"_links":{"self":[{"href":"https:\/\/vivosostenible.com\/en\/wp-json\/wp\/v2\/pages\/2374","targetHints":{"allow":["GET"]}}],"collection":[{"href":"https:\/\/vivosostenible.com\/en\/wp-json\/wp\/v2\/pages"}],"about":[{"href":"https:\/\/vivosostenible.com\/en\/wp-json\/wp\/v2\/types\/page"}],"author":[{"embeddable":true,"href":"https:\/\/vivosostenible.com\/en\/wp-json\/wp\/v2\/users\/1"}],"replies":[{"embeddable":true,"href":"https:\/\/vivosostenible.com\/en\/wp-json\/wp\/v2\/comments?post=2374"}],"version-history":[{"count":0,"href":"https:\/\/vivosostenible.com\/en\/wp-json\/wp\/v2\/pages\/2374\/revisions"}],"wp:attachment":[{"href":"https:\/\/vivosostenible.com\/en\/wp-json\/wp\/v2\/media?parent=2374"}],"curies":[{"name":"wp","href":"https:\/\/api.w.org\/{rel}","templated":true}]}}