{"id":2384,"date":"2023-07-18T12:53:51","date_gmt":"2023-07-18T10:53:51","guid":{"rendered":"https:\/\/vivosostenible.com\/?page_id=2384"},"modified":"2023-07-18T13:17:09","modified_gmt":"2023-07-18T11:17:09","slug":"elementor-2384","status":"publish","type":"page","link":"https:\/\/vivosostenible.com\/en\/elementor-2384\/","title":{"rendered":""},"content":{"rendered":"<div data-elementor-type=\"wp-page\" data-elementor-id=\"2384\" class=\"elementor elementor-2384\" data-elementor-post-type=\"page\">\n\t\t\t\t\t\t<section class=\"elementor-section elementor-top-section elementor-element elementor-element-18709e44 elementor-section-boxed elementor-section-height-default elementor-section-height-default\" data-id=\"18709e44\" data-element_type=\"section\">\n\t\t\t\t\t\t<div class=\"elementor-container elementor-column-gap-default\">\n\t\t\t\t\t<div class=\"elementor-column elementor-col-100 elementor-top-column elementor-element elementor-element-5fe5bf4b\" data-id=\"5fe5bf4b\" data-element_type=\"column\">\n\t\t\t<div class=\"elementor-widget-wrap elementor-element-populated\">\n\t\t\t\t\t\t<div class=\"elementor-element elementor-element-4bdc71f6 elementor-widget elementor-widget-heading\" data-id=\"4bdc71f6\" data-element_type=\"widget\" data-widget_type=\"heading.default\">\n\t\t\t\t<div class=\"elementor-widget-container\">\n\t\t\t\t\t<h2 class=\"elementor-heading-title elementor-size-xl\">VIVO 3 M\u00f3dulos. 2 Habitaciones, 1 Terraza <\/h2>\t\t\t\t<\/div>\n\t\t\t\t<\/div>\n\t\t\t\t\t<\/div>\n\t\t<\/div>\n\t\t\t\t\t<\/div>\n\t\t<\/section>\n\t\t\t\t<section class=\"elementor-section elementor-top-section elementor-element elementor-element-530e319b elementor-section-boxed elementor-section-height-default elementor-section-height-default\" data-id=\"530e319b\" data-element_type=\"section\">\n\t\t\t\t\t\t<div class=\"elementor-container elementor-column-gap-default\">\n\t\t\t\t\t<div class=\"elementor-column elementor-col-100 elementor-top-column elementor-element elementor-element-59c7cfa2\" data-id=\"59c7cfa2\" data-element_type=\"column\">\n\t\t\t<div class=\"elementor-widget-wrap elementor-element-populated\">\n\t\t\t\t\t\t<div class=\"elementor-element elementor-element-7228a25c elementor-widget elementor-widget-image\" data-id=\"7228a25c\" data-element_type=\"widget\" data-widget_type=\"image.default\">\n\t\t\t\t<div class=\"elementor-widget-container\">\n\t\t\t\t\t\t\t\t\t\t\t\t\t\t\t<img fetchpriority=\"high\" decoding=\"async\" width=\"800\" height=\"689\" src=\"https:\/\/vivosostenible.com\/wp-content\/uploads\/2023\/07\/CAsa-modular-sostenible-LA-MANGA-VV.png\" class=\"attachment-large size-large wp-image-2388\" alt=\"\" srcset=\"https:\/\/vivosostenible.com\/wp-content\/uploads\/2023\/07\/CAsa-modular-sostenible-LA-MANGA-VV.png 955w, https:\/\/vivosostenible.com\/wp-content\/uploads\/2023\/07\/CAsa-modular-sostenible-LA-MANGA-VV-300x259.png 300w, https:\/\/vivosostenible.com\/wp-content\/uploads\/2023\/07\/CAsa-modular-sostenible-LA-MANGA-VV-768x662.png 768w, https:\/\/vivosostenible.com\/wp-content\/uploads\/2023\/07\/CAsa-modular-sostenible-LA-MANGA-VV-14x12.png 14w\" sizes=\"(max-width: 800px) 100vw, 800px\" \/>\t\t\t\t\t\t\t\t\t\t\t\t\t\t\t<\/div>\n\t\t\t\t<\/div>\n\t\t\t\t\t<\/div>\n\t\t<\/div>\n\t\t\t\t\t<\/div>\n\t\t<\/section>\n\t\t\t\t<section class=\"elementor-section elementor-top-section elementor-element elementor-element-4db4fafe elementor-section-boxed elementor-section-height-default elementor-section-height-default\" data-id=\"4db4fafe\" data-element_type=\"section\">\n\t\t\t\t\t\t<div class=\"elementor-container elementor-column-gap-default\">\n\t\t\t\t\t<div class=\"elementor-column elementor-col-50 elementor-top-column elementor-element elementor-element-39c1363a\" data-id=\"39c1363a\" data-element_type=\"column\">\n\t\t\t<div class=\"elementor-widget-wrap elementor-element-populated\">\n\t\t\t\t\t\t<div class=\"elementor-element elementor-element-57134919 elementor-widget elementor-widget-image\" data-id=\"57134919\" data-element_type=\"widget\" data-widget_type=\"image.default\">\n\t\t\t\t<div class=\"elementor-widget-container\">\n\t\t\t\t\t\t\t\t\t\t\t\t\t\t\t<img decoding=\"async\" width=\"360\" height=\"381\" src=\"https:\/\/vivosostenible.com\/wp-content\/uploads\/2023\/07\/Dimensiones-Vivo-La-Manga-.png\" class=\"attachment-large size-large wp-image-2387\" alt=\"\" srcset=\"https:\/\/vivosostenible.com\/wp-content\/uploads\/2023\/07\/Dimensiones-Vivo-La-Manga-.png 360w, https:\/\/vivosostenible.com\/wp-content\/uploads\/2023\/07\/Dimensiones-Vivo-La-Manga--283x300.png 283w, https:\/\/vivosostenible.com\/wp-content\/uploads\/2023\/07\/Dimensiones-Vivo-La-Manga--11x12.png 11w\" sizes=\"(max-width: 360px) 100vw, 360px\" \/>\t\t\t\t\t\t\t\t\t\t\t\t\t\t\t<\/div>\n\t\t\t\t<\/div>\n\t\t\t\t\t<\/div>\n\t\t<\/div>\n\t\t\t\t<div class=\"elementor-column elementor-col-50 elementor-top-column elementor-element elementor-element-76d77e99\" data-id=\"76d77e99\" data-element_type=\"column\">\n\t\t\t<div class=\"elementor-widget-wrap elementor-element-populated\">\n\t\t\t\t\t\t<div class=\"elementor-element elementor-element-7eeac643 elementor-widget elementor-widget-text-editor\" data-id=\"7eeac643\" data-element_type=\"widget\" data-widget_type=\"text-editor.default\">\n\t\t\t\t<div class=\"elementor-widget-container\">\n\t\t\t\t\t\t\t\t\t<p>Vivienda eficiente energ\u00e9ticamente gracias a su construcci\u00f3n pensada en conseguir un confort interno excelente. Su aislamiento de triple capa, su ventilaci\u00f3n mec\u00e1nica silenciosa para renovaci\u00f3n constante de aire y las ventanas de doble cristal insertado hace que un hogar vivo sea herm\u00e9tico y ideal para mantener el confort clim\u00e1tico en el interior gracias a sus sistema de ventilaci\u00f3n.\u00a0<\/p>\t\t\t\t\t\t\t\t<\/div>\n\t\t\t\t<\/div>\n\t\t\t\t\t<\/div>\n\t\t<\/div>\n\t\t\t\t\t<\/div>\n\t\t<\/section>\n\t\t\t\t<section class=\"elementor-section elementor-top-section elementor-element elementor-element-3f816abf elementor-section-boxed elementor-section-height-default elementor-section-height-default\" data-id=\"3f816abf\" data-element_type=\"section\">\n\t\t\t\t\t\t<div class=\"elementor-container elementor-column-gap-default\">\n\t\t\t\t\t<div class=\"elementor-column elementor-col-100 elementor-top-column elementor-element elementor-element-707f80a4\" data-id=\"707f80a4\" data-element_type=\"column\">\n\t\t\t<div class=\"elementor-widget-wrap elementor-element-populated\">\n\t\t\t\t\t\t<div class=\"elementor-element elementor-element-78a0882c elementor-widget elementor-widget-text-editor\" data-id=\"78a0882c\" data-element_type=\"widget\" data-widget_type=\"text-editor.default\">\n\t\t\t\t<div class=\"elementor-widget-container\">\n\t\t\t\t\t\t\t\t\t<p>Cada hogar VIVO es \u00fanico, irrepetible y a medida. Nuestra propuesta de distribuci\u00f3n puede ser modificada seg\u00fan las necesidades del usuario, al igual que los acabados pueden modificarse en funci\u00f3n de las preferencias de los clientes.\u00a0<\/p><p>\u00a1<b>Tu hogar VIVO es \u00fanico e irrepetible!<\/b><\/p>\t\t\t\t\t\t\t\t<\/div>\n\t\t\t\t<\/div>\n\t\t\t\t<div class=\"elementor-element elementor-element-aff1575 elementor-widget elementor-widget-spacer\" data-id=\"aff1575\" data-element_type=\"widget\" data-widget_type=\"spacer.default\">\n\t\t\t\t<div class=\"elementor-widget-container\">\n\t\t\t\t\t\t\t<div class=\"elementor-spacer\">\n\t\t\t<div class=\"elementor-spacer-inner\"><\/div>\n\t\t<\/div>\n\t\t\t\t\t\t<\/div>\n\t\t\t\t<\/div>\n\t\t\t\t\t<\/div>\n\t\t<\/div>\n\t\t\t\t\t<\/div>\n\t\t<\/section>\n\t\t\t\t<\/div>","protected":false},"excerpt":{"rendered":"<p>VIVO 3 M\u00f3dulos. 2 Habitaciones, 1 Terraza Vivienda eficiente energ\u00e9ticamente gracias a su construcci\u00f3n pensada en conseguir un confort interno excelente. Su aislamiento de triple capa, su ventilaci\u00f3n mec\u00e1nica silenciosa para renovaci\u00f3n constante de aire y las ventanas de doble cristal insertado hace que un hogar vivo sea herm\u00e9tico y ideal para mantener el confort [&hellip;]<\/p>","protected":false},"author":1,"featured_media":0,"parent":0,"menu_order":0,"comment_status":"closed","ping_status":"closed","template":"","meta":{"_joinchat":[],"footnotes":""},"class_list":["post-2384","page","type-page","status-publish","hentry"],"yoast_head":"<!-- This site is optimized with the Yoast SEO Premium plugin v24.0 (Yoast SEO v25.5) - https:\/\/yoast.com\/wordpress\/plugins\/seo\/ -->\n<title>&#187; VIVO Sostenible - Lo \u00faltimo en hogares sostenibles y Passivhaus<\/title>\n<meta name=\"robots\" content=\"index, follow, max-snippet:-1, max-image-preview:large, max-video-preview:-1\" \/>\n<link rel=\"canonical\" href=\"https:\/\/vivosostenible.com\/en\/elementor-2384\/\" \/>\n<meta property=\"og:locale\" content=\"en_GB\" \/>\n<meta property=\"og:type\" content=\"article\" \/>\n<meta property=\"og:description\" content=\"VIVO 3 M\u00f3dulos. 2 Habitaciones, 1 Terraza Vivienda eficiente energ\u00e9ticamente gracias a su construcci\u00f3n pensada en conseguir un confort interno excelente. Su aislamiento de triple capa, su ventilaci\u00f3n mec\u00e1nica silenciosa para renovaci\u00f3n constante de aire y las ventanas de doble cristal insertado hace que un hogar vivo sea herm\u00e9tico y ideal para mantener el confort [&hellip;]\" \/>\n<meta property=\"og:url\" content=\"https:\/\/vivosostenible.com\/en\/elementor-2384\/\" \/>\n<meta property=\"og:site_name\" content=\"VIVO Sostenible - Lo \u00faltimo en hogares sostenibles y Passivhaus\" \/>\n<meta property=\"article:publisher\" content=\"https:\/\/www.facebook.com\/vivohogaressostenibles\/\" \/>\n<meta property=\"article:modified_time\" content=\"2023-07-18T11:17:09+00:00\" \/>\n<meta property=\"og:image\" content=\"https:\/\/vivosostenible.com\/wp-content\/uploads\/2023\/07\/CAsa-modular-sostenible-LA-MANGA-VV.png\" \/>\n<meta name=\"twitter:card\" content=\"summary_large_image\" \/>\n<script type=\"application\/ld+json\" class=\"yoast-schema-graph\">{\"@context\":\"https:\/\/schema.org\",\"@graph\":[{\"@type\":\"WebPage\",\"@id\":\"https:\/\/vivosostenible.com\/elementor-2384\/\",\"url\":\"https:\/\/vivosostenible.com\/elementor-2384\/\",\"name\":\"&#187; VIVO Sostenible - Lo \u00faltimo en hogares sostenibles y Passivhaus\",\"isPartOf\":{\"@id\":\"https:\/\/vivosostenible.com\/#website\"},\"primaryImageOfPage\":{\"@id\":\"https:\/\/vivosostenible.com\/elementor-2384\/#primaryimage\"},\"image\":{\"@id\":\"https:\/\/vivosostenible.com\/elementor-2384\/#primaryimage\"},\"thumbnailUrl\":\"https:\/\/vivosostenible.com\/wp-content\/uploads\/2023\/07\/CAsa-modular-sostenible-LA-MANGA-VV.png\",\"datePublished\":\"2023-07-18T10:53:51+00:00\",\"dateModified\":\"2023-07-18T11:17:09+00:00\",\"inLanguage\":\"en-GB\",\"potentialAction\":[{\"@type\":\"ReadAction\",\"target\":[\"https:\/\/vivosostenible.com\/elementor-2384\/\"]}]},{\"@type\":\"ImageObject\",\"inLanguage\":\"en-GB\",\"@id\":\"https:\/\/vivosostenible.com\/elementor-2384\/#primaryimage\",\"url\":\"https:\/\/vivosostenible.com\/wp-content\/uploads\/2023\/07\/CAsa-modular-sostenible-LA-MANGA-VV.png\",\"contentUrl\":\"https:\/\/vivosostenible.com\/wp-content\/uploads\/2023\/07\/CAsa-modular-sostenible-LA-MANGA-VV.png\"},{\"@type\":\"WebSite\",\"@id\":\"https:\/\/vivosostenible.com\/#website\",\"url\":\"https:\/\/vivosostenible.com\/\",\"name\":\"VIVO Sostenible - Lo \u00faltimo en hogares sostenibles y Passivhaus\",\"description\":\"VIVO Hogares Sostenibles no son solo viviendas, es una forma de entender la vida. VIVO nace del amor y el contacto con la naturaleza.\",\"publisher\":{\"@id\":\"https:\/\/vivosostenible.com\/#organization\"},\"potentialAction\":[{\"@type\":\"SearchAction\",\"target\":{\"@type\":\"EntryPoint\",\"urlTemplate\":\"https:\/\/vivosostenible.com\/?s={search_term_string}\"},\"query-input\":{\"@type\":\"PropertyValueSpecification\",\"valueRequired\":true,\"valueName\":\"search_term_string\"}}],\"inLanguage\":\"en-GB\"},{\"@type\":\"Organization\",\"@id\":\"https:\/\/vivosostenible.com\/#organization\",\"name\":\"VIVO Hogares Sostenibles\",\"url\":\"https:\/\/vivosostenible.com\/\",\"logo\":{\"@type\":\"ImageObject\",\"inLanguage\":\"en-GB\",\"@id\":\"https:\/\/vivosostenible.com\/#\/schema\/logo\/image\/\",\"url\":\"https:\/\/vivosostenible.com\/wp-content\/uploads\/2021\/05\/cropped-Vivo_Principal.png\",\"contentUrl\":\"https:\/\/vivosostenible.com\/wp-content\/uploads\/2021\/05\/cropped-Vivo_Principal.png\",\"width\":4549,\"height\":1688,\"caption\":\"VIVO Hogares Sostenibles\"},\"image\":{\"@id\":\"https:\/\/vivosostenible.com\/#\/schema\/logo\/image\/\"},\"sameAs\":[\"https:\/\/www.facebook.com\/vivohogaressostenibles\/\",\"https:\/\/www.instagram.com\/vivohogares\/\"]}]}<\/script>\n<!-- \/ Yoast SEO Premium plugin. -->","yoast_head_json":{"title":"&#187; VIVO Sostenible - Lo \u00faltimo en hogares sostenibles y Passivhaus","robots":{"index":"index","follow":"follow","max-snippet":"max-snippet:-1","max-image-preview":"max-image-preview:large","max-video-preview":"max-video-preview:-1"},"canonical":"https:\/\/vivosostenible.com\/en\/elementor-2384\/","og_locale":"en_GB","og_type":"article","og_description":"VIVO 3 M\u00f3dulos. 2 Habitaciones, 1 Terraza Vivienda eficiente energ\u00e9ticamente gracias a su construcci\u00f3n pensada en conseguir un confort interno excelente. Su aislamiento de triple capa, su ventilaci\u00f3n mec\u00e1nica silenciosa para renovaci\u00f3n constante de aire y las ventanas de doble cristal insertado hace que un hogar vivo sea herm\u00e9tico y ideal para mantener el confort [&hellip;]","og_url":"https:\/\/vivosostenible.com\/en\/elementor-2384\/","og_site_name":"VIVO Sostenible - Lo \u00faltimo en hogares sostenibles y Passivhaus","article_publisher":"https:\/\/www.facebook.com\/vivohogaressostenibles\/","article_modified_time":"2023-07-18T11:17:09+00:00","og_image":[{"url":"https:\/\/vivosostenible.com\/wp-content\/uploads\/2023\/07\/CAsa-modular-sostenible-LA-MANGA-VV.png","type":"","width":"","height":""}],"twitter_card":"summary_large_image","schema":{"@context":"https:\/\/schema.org","@graph":[{"@type":"WebPage","@id":"https:\/\/vivosostenible.com\/elementor-2384\/","url":"https:\/\/vivosostenible.com\/elementor-2384\/","name":"&#187; VIVO Sostenible - Lo \u00faltimo en hogares sostenibles y Passivhaus","isPartOf":{"@id":"https:\/\/vivosostenible.com\/#website"},"primaryImageOfPage":{"@id":"https:\/\/vivosostenible.com\/elementor-2384\/#primaryimage"},"image":{"@id":"https:\/\/vivosostenible.com\/elementor-2384\/#primaryimage"},"thumbnailUrl":"https:\/\/vivosostenible.com\/wp-content\/uploads\/2023\/07\/CAsa-modular-sostenible-LA-MANGA-VV.png","datePublished":"2023-07-18T10:53:51+00:00","dateModified":"2023-07-18T11:17:09+00:00","inLanguage":"en-GB","potentialAction":[{"@type":"ReadAction","target":["https:\/\/vivosostenible.com\/elementor-2384\/"]}]},{"@type":"ImageObject","inLanguage":"en-GB","@id":"https:\/\/vivosostenible.com\/elementor-2384\/#primaryimage","url":"https:\/\/vivosostenible.com\/wp-content\/uploads\/2023\/07\/CAsa-modular-sostenible-LA-MANGA-VV.png","contentUrl":"https:\/\/vivosostenible.com\/wp-content\/uploads\/2023\/07\/CAsa-modular-sostenible-LA-MANGA-VV.png"},{"@type":"WebSite","@id":"https:\/\/vivosostenible.com\/#website","url":"https:\/\/vivosostenible.com\/","name":"VIVO Sostenible - Sustainable homes and Passivhaus","description":"VIVO Sustainable Homes are not just homes, it is a way of understanding life. VIVO is born from love and contact with nature.","publisher":{"@id":"https:\/\/vivosostenible.com\/#organization"},"potentialAction":[{"@type":"SearchAction","target":{"@type":"EntryPoint","urlTemplate":"https:\/\/vivosostenible.com\/?s={search_term_string}"},"query-input":{"@type":"PropertyValueSpecification","valueRequired":true,"valueName":"search_term_string"}}],"inLanguage":"en-GB"},{"@type":"Organization","@id":"https:\/\/vivosostenible.com\/#organization","name":"VIVO Sustainable Homes","url":"https:\/\/vivosostenible.com\/","logo":{"@type":"ImageObject","inLanguage":"en-GB","@id":"https:\/\/vivosostenible.com\/#\/schema\/logo\/image\/","url":"https:\/\/vivosostenible.com\/wp-content\/uploads\/2021\/05\/cropped-Vivo_Principal.png","contentUrl":"https:\/\/vivosostenible.com\/wp-content\/uploads\/2021\/05\/cropped-Vivo_Principal.png","width":4549,"height":1688,"caption":"VIVO Hogares Sostenibles"},"image":{"@id":"https:\/\/vivosostenible.com\/#\/schema\/logo\/image\/"},"sameAs":["https:\/\/www.facebook.com\/vivohogaressostenibles\/","https:\/\/www.instagram.com\/vivohogares\/"]}]}},"_links":{"self":[{"href":"https:\/\/vivosostenible.com\/en\/wp-json\/wp\/v2\/pages\/2384","targetHints":{"allow":["GET"]}}],"collection":[{"href":"https:\/\/vivosostenible.com\/en\/wp-json\/wp\/v2\/pages"}],"about":[{"href":"https:\/\/vivosostenible.com\/en\/wp-json\/wp\/v2\/types\/page"}],"author":[{"embeddable":true,"href":"https:\/\/vivosostenible.com\/en\/wp-json\/wp\/v2\/users\/1"}],"replies":[{"embeddable":true,"href":"https:\/\/vivosostenible.com\/en\/wp-json\/wp\/v2\/comments?post=2384"}],"version-history":[{"count":0,"href":"https:\/\/vivosostenible.com\/en\/wp-json\/wp\/v2\/pages\/2384\/revisions"}],"wp:attachment":[{"href":"https:\/\/vivosostenible.com\/en\/wp-json\/wp\/v2\/media?parent=2384"}],"curies":[{"name":"wp","href":"https:\/\/api.w.org\/{rel}","templated":true}]}}