{"id":2422,"date":"2023-07-18T13:48:43","date_gmt":"2023-07-18T11:48:43","guid":{"rendered":"https:\/\/vivosostenible.com\/?page_id=2422"},"modified":"2023-07-18T13:50:03","modified_gmt":"2023-07-18T11:50:03","slug":"elementor-2422","status":"publish","type":"page","link":"https:\/\/vivosostenible.com\/en\/elementor-2422\/","title":{"rendered":""},"content":{"rendered":"<div data-elementor-type=\"wp-page\" data-elementor-id=\"2422\" class=\"elementor elementor-2422\" data-elementor-post-type=\"page\">\n\t\t\t\t\t\t<section class=\"elementor-section elementor-top-section elementor-element elementor-element-2806b77d elementor-section-boxed elementor-section-height-default elementor-section-height-default\" data-id=\"2806b77d\" data-element_type=\"section\">\n\t\t\t\t\t\t<div class=\"elementor-container elementor-column-gap-default\">\n\t\t\t\t\t<div class=\"elementor-column elementor-col-100 elementor-top-column elementor-element elementor-element-e6ec875\" data-id=\"e6ec875\" data-element_type=\"column\">\n\t\t\t<div class=\"elementor-widget-wrap elementor-element-populated\">\n\t\t\t\t\t\t<div class=\"elementor-element elementor-element-1017f195 elementor-widget elementor-widget-heading\" data-id=\"1017f195\" data-element_type=\"widget\" data-widget_type=\"heading.default\">\n\t\t\t\t<div class=\"elementor-widget-container\">\n\t\t\t\t\t<h2 class=\"elementor-heading-title elementor-size-xl\">VIVO 2 Plantas<\/h2>\t\t\t\t<\/div>\n\t\t\t\t<\/div>\n\t\t\t\t\t<\/div>\n\t\t<\/div>\n\t\t\t\t\t<\/div>\n\t\t<\/section>\n\t\t\t\t<section class=\"elementor-section elementor-top-section elementor-element elementor-element-8ead9a6 elementor-section-boxed elementor-section-height-default elementor-section-height-default\" data-id=\"8ead9a6\" data-element_type=\"section\">\n\t\t\t\t\t\t<div class=\"elementor-container elementor-column-gap-default\">\n\t\t\t\t\t<div class=\"elementor-column elementor-col-50 elementor-top-column elementor-element elementor-element-cd1c791\" data-id=\"cd1c791\" data-element_type=\"column\">\n\t\t\t<div class=\"elementor-widget-wrap elementor-element-populated\">\n\t\t\t\t\t\t<div class=\"elementor-element elementor-element-d6f5a3c elementor-widget elementor-widget-image\" data-id=\"d6f5a3c\" data-element_type=\"widget\" data-widget_type=\"image.default\">\n\t\t\t\t<div class=\"elementor-widget-container\">\n\t\t\t\t\t\t\t\t\t\t\t\t\t\t\t<img fetchpriority=\"high\" decoding=\"async\" width=\"800\" height=\"550\" src=\"https:\/\/vivosostenible.com\/wp-content\/uploads\/2023\/07\/Planta-Baja-1-.png\" class=\"attachment-large size-large wp-image-2426\" alt=\"\" srcset=\"https:\/\/vivosostenible.com\/wp-content\/uploads\/2023\/07\/Planta-Baja-1-.png 890w, https:\/\/vivosostenible.com\/wp-content\/uploads\/2023\/07\/Planta-Baja-1--300x206.png 300w, https:\/\/vivosostenible.com\/wp-content\/uploads\/2023\/07\/Planta-Baja-1--768x528.png 768w, https:\/\/vivosostenible.com\/wp-content\/uploads\/2023\/07\/Planta-Baja-1--18x12.png 18w\" sizes=\"(max-width: 800px) 100vw, 800px\" \/>\t\t\t\t\t\t\t\t\t\t\t\t\t\t\t<\/div>\n\t\t\t\t<\/div>\n\t\t\t\t\t<\/div>\n\t\t<\/div>\n\t\t\t\t<div class=\"elementor-column elementor-col-50 elementor-top-column elementor-element elementor-element-5565fa2\" data-id=\"5565fa2\" data-element_type=\"column\">\n\t\t\t<div class=\"elementor-widget-wrap elementor-element-populated\">\n\t\t\t\t\t\t<div class=\"elementor-element elementor-element-5f6cf72 elementor-widget elementor-widget-image\" data-id=\"5f6cf72\" data-element_type=\"widget\" data-widget_type=\"image.default\">\n\t\t\t\t<div class=\"elementor-widget-container\">\n\t\t\t\t\t\t\t\t\t\t\t\t\t\t\t<img decoding=\"async\" width=\"323\" height=\"280\" src=\"https:\/\/vivosostenible.com\/wp-content\/uploads\/2023\/07\/Dimensiones-Planta-1-.png\" class=\"attachment-large size-large wp-image-2425\" alt=\"\" srcset=\"https:\/\/vivosostenible.com\/wp-content\/uploads\/2023\/07\/Dimensiones-Planta-1-.png 323w, https:\/\/vivosostenible.com\/wp-content\/uploads\/2023\/07\/Dimensiones-Planta-1--300x260.png 300w, https:\/\/vivosostenible.com\/wp-content\/uploads\/2023\/07\/Dimensiones-Planta-1--14x12.png 14w\" sizes=\"(max-width: 323px) 100vw, 323px\" \/>\t\t\t\t\t\t\t\t\t\t\t\t\t\t\t<\/div>\n\t\t\t\t<\/div>\n\t\t\t\t\t<\/div>\n\t\t<\/div>\n\t\t\t\t\t<\/div>\n\t\t<\/section>\n\t\t\t\t<section class=\"elementor-section elementor-top-section elementor-element elementor-element-7761a1c elementor-section-boxed elementor-section-height-default elementor-section-height-default\" data-id=\"7761a1c\" data-element_type=\"section\">\n\t\t\t\t\t\t<div class=\"elementor-container elementor-column-gap-default\">\n\t\t\t\t\t<div class=\"elementor-column elementor-col-50 elementor-top-column elementor-element elementor-element-57ff2eb\" data-id=\"57ff2eb\" data-element_type=\"column\">\n\t\t\t<div class=\"elementor-widget-wrap elementor-element-populated\">\n\t\t\t\t\t\t<div class=\"elementor-element elementor-element-0d14385 elementor-widget elementor-widget-image\" data-id=\"0d14385\" data-element_type=\"widget\" data-widget_type=\"image.default\">\n\t\t\t\t<div class=\"elementor-widget-container\">\n\t\t\t\t\t\t\t\t\t\t\t\t\t\t\t<img decoding=\"async\" width=\"800\" height=\"682\" src=\"https:\/\/vivosostenible.com\/wp-content\/uploads\/2023\/07\/Planta-2-.png\" class=\"attachment-large size-large wp-image-2427\" alt=\"\" srcset=\"https:\/\/vivosostenible.com\/wp-content\/uploads\/2023\/07\/Planta-2-.png 853w, https:\/\/vivosostenible.com\/wp-content\/uploads\/2023\/07\/Planta-2--300x256.png 300w, https:\/\/vivosostenible.com\/wp-content\/uploads\/2023\/07\/Planta-2--768x655.png 768w, https:\/\/vivosostenible.com\/wp-content\/uploads\/2023\/07\/Planta-2--14x12.png 14w\" sizes=\"(max-width: 800px) 100vw, 800px\" \/>\t\t\t\t\t\t\t\t\t\t\t\t\t\t\t<\/div>\n\t\t\t\t<\/div>\n\t\t\t\t\t<\/div>\n\t\t<\/div>\n\t\t\t\t<div class=\"elementor-column elementor-col-50 elementor-top-column elementor-element elementor-element-5c390a0\" data-id=\"5c390a0\" data-element_type=\"column\">\n\t\t\t<div class=\"elementor-widget-wrap elementor-element-populated\">\n\t\t\t\t\t\t<div class=\"elementor-element elementor-element-0fcf98b elementor-widget elementor-widget-image\" data-id=\"0fcf98b\" data-element_type=\"widget\" data-widget_type=\"image.default\">\n\t\t\t\t<div class=\"elementor-widget-container\">\n\t\t\t\t\t\t\t\t\t\t\t\t\t\t\t<img loading=\"lazy\" decoding=\"async\" width=\"368\" height=\"397\" src=\"https:\/\/vivosostenible.com\/wp-content\/uploads\/2023\/07\/Dimensiones-Planta-2-1.png\" class=\"attachment-large size-large wp-image-2429\" alt=\"\" srcset=\"https:\/\/vivosostenible.com\/wp-content\/uploads\/2023\/07\/Dimensiones-Planta-2-1.png 368w, https:\/\/vivosostenible.com\/wp-content\/uploads\/2023\/07\/Dimensiones-Planta-2-1-278x300.png 278w, https:\/\/vivosostenible.com\/wp-content\/uploads\/2023\/07\/Dimensiones-Planta-2-1-11x12.png 11w\" sizes=\"(max-width: 368px) 100vw, 368px\" \/>\t\t\t\t\t\t\t\t\t\t\t\t\t\t\t<\/div>\n\t\t\t\t<\/div>\n\t\t\t\t\t<\/div>\n\t\t<\/div>\n\t\t\t\t\t<\/div>\n\t\t<\/section>\n\t\t\t\t<section class=\"elementor-section elementor-top-section elementor-element elementor-element-45767257 elementor-section-boxed elementor-section-height-default elementor-section-height-default\" data-id=\"45767257\" data-element_type=\"section\">\n\t\t\t\t\t\t<div class=\"elementor-container elementor-column-gap-default\">\n\t\t\t\t\t<div class=\"elementor-column elementor-col-100 elementor-top-column elementor-element elementor-element-55b6e02a\" data-id=\"55b6e02a\" data-element_type=\"column\">\n\t\t\t<div class=\"elementor-widget-wrap elementor-element-populated\">\n\t\t\t\t\t\t<div class=\"elementor-element elementor-element-5549a05 elementor-widget elementor-widget-image\" data-id=\"5549a05\" data-element_type=\"widget\" data-widget_type=\"image.default\">\n\t\t\t\t<div class=\"elementor-widget-container\">\n\t\t\t\t\t\t\t\t\t\t\t\t\t\t\t<img loading=\"lazy\" decoding=\"async\" width=\"800\" height=\"523\" src=\"https:\/\/vivosostenible.com\/wp-content\/uploads\/2023\/07\/alzado.png\" class=\"attachment-large size-large wp-image-2430\" alt=\"\" srcset=\"https:\/\/vivosostenible.com\/wp-content\/uploads\/2023\/07\/alzado.png 1266w, https:\/\/vivosostenible.com\/wp-content\/uploads\/2023\/07\/alzado-300x196.png 300w, https:\/\/vivosostenible.com\/wp-content\/uploads\/2023\/07\/alzado-768x502.png 768w, https:\/\/vivosostenible.com\/wp-content\/uploads\/2023\/07\/alzado-18x12.png 18w\" sizes=\"(max-width: 800px) 100vw, 800px\" \/>\t\t\t\t\t\t\t\t\t\t\t\t\t\t\t<\/div>\n\t\t\t\t<\/div>\n\t\t\t\t\t<\/div>\n\t\t<\/div>\n\t\t\t\t\t<\/div>\n\t\t<\/section>\n\t\t\t\t<section class=\"elementor-section elementor-top-section elementor-element elementor-element-d318b51 elementor-section-boxed elementor-section-height-default elementor-section-height-default\" data-id=\"d318b51\" data-element_type=\"section\">\n\t\t\t\t\t\t<div class=\"elementor-container elementor-column-gap-default\">\n\t\t\t\t\t<div class=\"elementor-column elementor-col-50 elementor-top-column elementor-element elementor-element-15d2d278\" data-id=\"15d2d278\" data-element_type=\"column\">\n\t\t\t<div class=\"elementor-widget-wrap\">\n\t\t\t\t\t\t\t<\/div>\n\t\t<\/div>\n\t\t\t\t<div class=\"elementor-column elementor-col-50 elementor-top-column elementor-element elementor-element-2f2368bc\" data-id=\"2f2368bc\" data-element_type=\"column\">\n\t\t\t<div class=\"elementor-widget-wrap elementor-element-populated\">\n\t\t\t\t\t\t<div class=\"elementor-element elementor-element-5fb4c530 elementor-widget elementor-widget-text-editor\" data-id=\"5fb4c530\" data-element_type=\"widget\" data-widget_type=\"text-editor.default\">\n\t\t\t\t<div class=\"elementor-widget-container\">\n\t\t\t\t\t\t\t\t\t<p>Vivienda eficiente energ\u00e9ticamente gracias a su construcci\u00f3n pensada en conseguir un confort interno excelente. Su aislamiento de triple capa, su ventilaci\u00f3n mec\u00e1nica silenciosa para renovaci\u00f3n constante de aire y las ventanas de doble cristal insertado hace que un hogar vivo sea herm\u00e9tico y ideal para mantener el confort clim\u00e1tico en el interior gracias a sus sistema de ventilaci\u00f3n.\u00a0<\/p>\t\t\t\t\t\t\t\t<\/div>\n\t\t\t\t<\/div>\n\t\t\t\t\t<\/div>\n\t\t<\/div>\n\t\t\t\t\t<\/div>\n\t\t<\/section>\n\t\t\t\t<section class=\"elementor-section elementor-top-section elementor-element elementor-element-d1307c7 elementor-section-boxed elementor-section-height-default elementor-section-height-default\" data-id=\"d1307c7\" data-element_type=\"section\">\n\t\t\t\t\t\t<div class=\"elementor-container elementor-column-gap-default\">\n\t\t\t\t\t<div class=\"elementor-column elementor-col-100 elementor-top-column elementor-element elementor-element-52b647a6\" data-id=\"52b647a6\" data-element_type=\"column\">\n\t\t\t<div class=\"elementor-widget-wrap elementor-element-populated\">\n\t\t\t\t\t\t<div class=\"elementor-element elementor-element-4ebfbcb7 elementor-widget elementor-widget-text-editor\" data-id=\"4ebfbcb7\" data-element_type=\"widget\" data-widget_type=\"text-editor.default\">\n\t\t\t\t<div class=\"elementor-widget-container\">\n\t\t\t\t\t\t\t\t\t<p>Cada hogar VIVO es \u00fanico, irrepetible y a medida. Nuestra propuesta de distribuci\u00f3n puede ser modificada seg\u00fan las necesidades del usuario, al igual que los acabados pueden modificarse en funci\u00f3n de las preferencias de los clientes.\u00a0<\/p><p>\u00a1<b>Tu hogar VIVO es \u00fanico e irrepetible!<\/b><\/p>\t\t\t\t\t\t\t\t<\/div>\n\t\t\t\t<\/div>\n\t\t\t\t<div class=\"elementor-element elementor-element-2ff29c6f elementor-widget elementor-widget-spacer\" data-id=\"2ff29c6f\" data-element_type=\"widget\" data-widget_type=\"spacer.default\">\n\t\t\t\t<div class=\"elementor-widget-container\">\n\t\t\t\t\t\t\t<div class=\"elementor-spacer\">\n\t\t\t<div class=\"elementor-spacer-inner\"><\/div>\n\t\t<\/div>\n\t\t\t\t\t\t<\/div>\n\t\t\t\t<\/div>\n\t\t\t\t\t<\/div>\n\t\t<\/div>\n\t\t\t\t\t<\/div>\n\t\t<\/section>\n\t\t\t\t<\/div>","protected":false},"excerpt":{"rendered":"<p>VIVO 2 Plantas Vivienda eficiente energ\u00e9ticamente gracias a su construcci\u00f3n pensada en conseguir un confort interno excelente. Su aislamiento de triple capa, su ventilaci\u00f3n mec\u00e1nica silenciosa para renovaci\u00f3n constante de aire y las ventanas de doble cristal insertado hace que un hogar vivo sea herm\u00e9tico y ideal para mantener el confort clim\u00e1tico en el interior [&hellip;]<\/p>","protected":false},"author":1,"featured_media":0,"parent":0,"menu_order":0,"comment_status":"closed","ping_status":"closed","template":"","meta":{"_joinchat":[],"footnotes":""},"class_list":["post-2422","page","type-page","status-publish","hentry"],"yoast_head":"<!-- This site is optimized with the Yoast SEO Premium plugin v24.0 (Yoast SEO v25.5) - https:\/\/yoast.com\/wordpress\/plugins\/seo\/ -->\n<title>&#187; VIVO Sostenible - Lo \u00faltimo en hogares sostenibles y Passivhaus<\/title>\n<meta name=\"robots\" content=\"index, follow, max-snippet:-1, max-image-preview:large, max-video-preview:-1\" \/>\n<link rel=\"canonical\" href=\"https:\/\/vivosostenible.com\/en\/elementor-2422\/\" \/>\n<meta property=\"og:locale\" content=\"en_GB\" \/>\n<meta property=\"og:type\" content=\"article\" \/>\n<meta property=\"og:description\" content=\"VIVO 2 Plantas Vivienda eficiente energ\u00e9ticamente gracias a su construcci\u00f3n pensada en conseguir un confort interno excelente. Su aislamiento de triple capa, su ventilaci\u00f3n mec\u00e1nica silenciosa para renovaci\u00f3n constante de aire y las ventanas de doble cristal insertado hace que un hogar vivo sea herm\u00e9tico y ideal para mantener el confort clim\u00e1tico en el interior [&hellip;]\" \/>\n<meta property=\"og:url\" content=\"https:\/\/vivosostenible.com\/en\/elementor-2422\/\" \/>\n<meta property=\"og:site_name\" content=\"VIVO Sostenible - Lo \u00faltimo en hogares sostenibles y Passivhaus\" \/>\n<meta property=\"article:publisher\" content=\"https:\/\/www.facebook.com\/vivohogaressostenibles\/\" \/>\n<meta property=\"article:modified_time\" content=\"2023-07-18T11:50:03+00:00\" \/>\n<meta property=\"og:image\" content=\"https:\/\/vivosostenible.com\/wp-content\/uploads\/2023\/07\/Planta-Baja-1-.png\" \/>\n<meta name=\"twitter:card\" content=\"summary_large_image\" \/>\n<script type=\"application\/ld+json\" class=\"yoast-schema-graph\">{\"@context\":\"https:\/\/schema.org\",\"@graph\":[{\"@type\":\"WebPage\",\"@id\":\"https:\/\/vivosostenible.com\/elementor-2422\/\",\"url\":\"https:\/\/vivosostenible.com\/elementor-2422\/\",\"name\":\"&#187; VIVO Sostenible - Lo \u00faltimo en hogares sostenibles y Passivhaus\",\"isPartOf\":{\"@id\":\"https:\/\/vivosostenible.com\/#website\"},\"primaryImageOfPage\":{\"@id\":\"https:\/\/vivosostenible.com\/elementor-2422\/#primaryimage\"},\"image\":{\"@id\":\"https:\/\/vivosostenible.com\/elementor-2422\/#primaryimage\"},\"thumbnailUrl\":\"https:\/\/vivosostenible.com\/wp-content\/uploads\/2023\/07\/Planta-Baja-1-.png\",\"datePublished\":\"2023-07-18T11:48:43+00:00\",\"dateModified\":\"2023-07-18T11:50:03+00:00\",\"inLanguage\":\"en-GB\",\"potentialAction\":[{\"@type\":\"ReadAction\",\"target\":[\"https:\/\/vivosostenible.com\/elementor-2422\/\"]}]},{\"@type\":\"ImageObject\",\"inLanguage\":\"en-GB\",\"@id\":\"https:\/\/vivosostenible.com\/elementor-2422\/#primaryimage\",\"url\":\"https:\/\/vivosostenible.com\/wp-content\/uploads\/2023\/07\/Planta-Baja-1-.png\",\"contentUrl\":\"https:\/\/vivosostenible.com\/wp-content\/uploads\/2023\/07\/Planta-Baja-1-.png\"},{\"@type\":\"WebSite\",\"@id\":\"https:\/\/vivosostenible.com\/#website\",\"url\":\"https:\/\/vivosostenible.com\/\",\"name\":\"VIVO Sostenible - Lo \u00faltimo en hogares sostenibles y Passivhaus\",\"description\":\"VIVO Hogares Sostenibles no son solo viviendas, es una forma de entender la vida. VIVO nace del amor y el contacto con la naturaleza.\",\"publisher\":{\"@id\":\"https:\/\/vivosostenible.com\/#organization\"},\"potentialAction\":[{\"@type\":\"SearchAction\",\"target\":{\"@type\":\"EntryPoint\",\"urlTemplate\":\"https:\/\/vivosostenible.com\/?s={search_term_string}\"},\"query-input\":{\"@type\":\"PropertyValueSpecification\",\"valueRequired\":true,\"valueName\":\"search_term_string\"}}],\"inLanguage\":\"en-GB\"},{\"@type\":\"Organization\",\"@id\":\"https:\/\/vivosostenible.com\/#organization\",\"name\":\"VIVO Hogares Sostenibles\",\"url\":\"https:\/\/vivosostenible.com\/\",\"logo\":{\"@type\":\"ImageObject\",\"inLanguage\":\"en-GB\",\"@id\":\"https:\/\/vivosostenible.com\/#\/schema\/logo\/image\/\",\"url\":\"https:\/\/vivosostenible.com\/wp-content\/uploads\/2021\/05\/cropped-Vivo_Principal.png\",\"contentUrl\":\"https:\/\/vivosostenible.com\/wp-content\/uploads\/2021\/05\/cropped-Vivo_Principal.png\",\"width\":4549,\"height\":1688,\"caption\":\"VIVO Hogares Sostenibles\"},\"image\":{\"@id\":\"https:\/\/vivosostenible.com\/#\/schema\/logo\/image\/\"},\"sameAs\":[\"https:\/\/www.facebook.com\/vivohogaressostenibles\/\",\"https:\/\/www.instagram.com\/vivohogares\/\"]}]}<\/script>\n<!-- \/ Yoast SEO Premium plugin. -->","yoast_head_json":{"title":"&#187; VIVO Sostenible - Lo \u00faltimo en hogares sostenibles y Passivhaus","robots":{"index":"index","follow":"follow","max-snippet":"max-snippet:-1","max-image-preview":"max-image-preview:large","max-video-preview":"max-video-preview:-1"},"canonical":"https:\/\/vivosostenible.com\/en\/elementor-2422\/","og_locale":"en_GB","og_type":"article","og_description":"VIVO 2 Plantas Vivienda eficiente energ\u00e9ticamente gracias a su construcci\u00f3n pensada en conseguir un confort interno excelente. Su aislamiento de triple capa, su ventilaci\u00f3n mec\u00e1nica silenciosa para renovaci\u00f3n constante de aire y las ventanas de doble cristal insertado hace que un hogar vivo sea herm\u00e9tico y ideal para mantener el confort clim\u00e1tico en el interior [&hellip;]","og_url":"https:\/\/vivosostenible.com\/en\/elementor-2422\/","og_site_name":"VIVO Sostenible - Lo \u00faltimo en hogares sostenibles y Passivhaus","article_publisher":"https:\/\/www.facebook.com\/vivohogaressostenibles\/","article_modified_time":"2023-07-18T11:50:03+00:00","og_image":[{"url":"https:\/\/vivosostenible.com\/wp-content\/uploads\/2023\/07\/Planta-Baja-1-.png","type":"","width":"","height":""}],"twitter_card":"summary_large_image","schema":{"@context":"https:\/\/schema.org","@graph":[{"@type":"WebPage","@id":"https:\/\/vivosostenible.com\/elementor-2422\/","url":"https:\/\/vivosostenible.com\/elementor-2422\/","name":"&#187; VIVO Sostenible - Lo \u00faltimo en hogares sostenibles y Passivhaus","isPartOf":{"@id":"https:\/\/vivosostenible.com\/#website"},"primaryImageOfPage":{"@id":"https:\/\/vivosostenible.com\/elementor-2422\/#primaryimage"},"image":{"@id":"https:\/\/vivosostenible.com\/elementor-2422\/#primaryimage"},"thumbnailUrl":"https:\/\/vivosostenible.com\/wp-content\/uploads\/2023\/07\/Planta-Baja-1-.png","datePublished":"2023-07-18T11:48:43+00:00","dateModified":"2023-07-18T11:50:03+00:00","inLanguage":"en-GB","potentialAction":[{"@type":"ReadAction","target":["https:\/\/vivosostenible.com\/elementor-2422\/"]}]},{"@type":"ImageObject","inLanguage":"en-GB","@id":"https:\/\/vivosostenible.com\/elementor-2422\/#primaryimage","url":"https:\/\/vivosostenible.com\/wp-content\/uploads\/2023\/07\/Planta-Baja-1-.png","contentUrl":"https:\/\/vivosostenible.com\/wp-content\/uploads\/2023\/07\/Planta-Baja-1-.png"},{"@type":"WebSite","@id":"https:\/\/vivosostenible.com\/#website","url":"https:\/\/vivosostenible.com\/","name":"VIVO Sostenible - Sustainable homes and Passivhaus","description":"VIVO Sustainable Homes are not just homes, it is a way of understanding life. VIVO is born from love and contact with nature.","publisher":{"@id":"https:\/\/vivosostenible.com\/#organization"},"potentialAction":[{"@type":"SearchAction","target":{"@type":"EntryPoint","urlTemplate":"https:\/\/vivosostenible.com\/?s={search_term_string}"},"query-input":{"@type":"PropertyValueSpecification","valueRequired":true,"valueName":"search_term_string"}}],"inLanguage":"en-GB"},{"@type":"Organization","@id":"https:\/\/vivosostenible.com\/#organization","name":"VIVO Sustainable Homes","url":"https:\/\/vivosostenible.com\/","logo":{"@type":"ImageObject","inLanguage":"en-GB","@id":"https:\/\/vivosostenible.com\/#\/schema\/logo\/image\/","url":"https:\/\/vivosostenible.com\/wp-content\/uploads\/2021\/05\/cropped-Vivo_Principal.png","contentUrl":"https:\/\/vivosostenible.com\/wp-content\/uploads\/2021\/05\/cropped-Vivo_Principal.png","width":4549,"height":1688,"caption":"VIVO Hogares Sostenibles"},"image":{"@id":"https:\/\/vivosostenible.com\/#\/schema\/logo\/image\/"},"sameAs":["https:\/\/www.facebook.com\/vivohogaressostenibles\/","https:\/\/www.instagram.com\/vivohogares\/"]}]}},"_links":{"self":[{"href":"https:\/\/vivosostenible.com\/en\/wp-json\/wp\/v2\/pages\/2422","targetHints":{"allow":["GET"]}}],"collection":[{"href":"https:\/\/vivosostenible.com\/en\/wp-json\/wp\/v2\/pages"}],"about":[{"href":"https:\/\/vivosostenible.com\/en\/wp-json\/wp\/v2\/types\/page"}],"author":[{"embeddable":true,"href":"https:\/\/vivosostenible.com\/en\/wp-json\/wp\/v2\/users\/1"}],"replies":[{"embeddable":true,"href":"https:\/\/vivosostenible.com\/en\/wp-json\/wp\/v2\/comments?post=2422"}],"version-history":[{"count":0,"href":"https:\/\/vivosostenible.com\/en\/wp-json\/wp\/v2\/pages\/2422\/revisions"}],"wp:attachment":[{"href":"https:\/\/vivosostenible.com\/en\/wp-json\/wp\/v2\/media?parent=2422"}],"curies":[{"name":"wp","href":"https:\/\/api.w.org\/{rel}","templated":true}]}}