{"id":691,"date":"2021-06-10T10:04:30","date_gmt":"2021-06-10T08:04:30","guid":{"rendered":"https:\/\/vivosostenible.com\/?page_id=691"},"modified":"2021-11-15T17:49:31","modified_gmt":"2021-11-15T16:49:31","slug":"promociones","status":"publish","type":"page","link":"https:\/\/vivosostenible.com\/en\/promociones\/","title":{"rendered":"Promotions"},"content":{"rendered":"<div data-elementor-type=\"wp-page\" data-elementor-id=\"691\" class=\"elementor elementor-691\" data-elementor-post-type=\"page\">\n\t\t\t\t\t\t<section class=\"elementor-section elementor-top-section elementor-element elementor-element-9ce45be elementor-section-full_width elementor-section-height-default elementor-section-height-default\" data-id=\"9ce45be\" data-element_type=\"section\">\n\t\t\t\t\t\t<div class=\"elementor-container elementor-column-gap-no\">\n\t\t\t\t\t<div class=\"elementor-column elementor-col-100 elementor-top-column elementor-element elementor-element-7725985\" data-id=\"7725985\" data-element_type=\"column\">\n\t\t\t<div class=\"elementor-widget-wrap elementor-element-populated\">\n\t\t\t\t\t\t<div class=\"elementor-element elementor-element-de766a6 elementor--h-position-center elementor--v-position-middle elementor-arrows-position-inside elementor-widget elementor-widget-slides\" data-id=\"de766a6\" data-element_type=\"widget\" data-settings=\"{&quot;navigation&quot;:&quot;arrows&quot;,&quot;autoplay&quot;:&quot;yes&quot;,&quot;pause_on_hover&quot;:&quot;yes&quot;,&quot;pause_on_interaction&quot;:&quot;yes&quot;,&quot;autoplay_speed&quot;:5000,&quot;infinite&quot;:&quot;yes&quot;,&quot;transition&quot;:&quot;slide&quot;,&quot;transition_speed&quot;:500}\" data-widget_type=\"slides.default\">\n\t\t\t\t<div class=\"elementor-widget-container\">\n\t\t\t\t\t\t\t<div class=\"elementor-swiper\">\n\t\t\t<div class=\"elementor-slides-wrapper elementor-main-swiper swiper-container\" dir=\"ltr\" data-animation=\"fadeInUp\">\n\t\t\t\t<div class=\"swiper-wrapper elementor-slides\">\n\t\t\t\t\t\t\t\t\t\t<div class=\"elementor-repeater-item-74aadcf swiper-slide\"><div class=\"swiper-slide-bg elementor-ken-burns elementor-ken-burns--in\" role=\"img\"><\/div><div class=\"elementor-background-overlay\"><\/div><div class=\"swiper-slide-inner\" ><div class=\"swiper-slide-contents\"><div class=\"elementor-slide-heading\">PROMOTIONS<\/div><div class=\"elementor-slide-description\">WHERE TO LIVE<\/div><\/div><\/div><\/div>\t\t\t\t<\/div>\n\t\t\t\t\t\t\t<\/div>\n\t\t<\/div>\n\t\t\t\t\t\t<\/div>\n\t\t\t\t<\/div>\n\t\t\t\t\t<\/div>\n\t\t<\/div>\n\t\t\t\t\t<\/div>\n\t\t<\/section>\n\t\t\t\t<section class=\"elementor-section elementor-top-section elementor-element elementor-element-84245f8 elementor-section-boxed elementor-section-height-default elementor-section-height-default\" data-id=\"84245f8\" data-element_type=\"section\" data-settings=\"{&quot;background_background&quot;:&quot;classic&quot;}\">\n\t\t\t\t\t\t<div class=\"elementor-container elementor-column-gap-default\">\n\t\t\t\t\t<div class=\"elementor-column elementor-col-100 elementor-top-column elementor-element elementor-element-55944a9\" data-id=\"55944a9\" data-element_type=\"column\">\n\t\t\t<div class=\"elementor-widget-wrap elementor-element-populated\">\n\t\t\t\t\t\t<div class=\"elementor-element elementor-element-2f2d0ff elementor-align-center elementor-widget elementor-widget-breadcrumbs\" data-id=\"2f2d0ff\" data-element_type=\"widget\" data-widget_type=\"breadcrumbs.default\">\n\t\t\t\t<div class=\"elementor-widget-container\">\n\t\t\t\t\t<p id=\"breadcrumbs\"><span><span><a href=\"https:\/\/vivosostenible.com\/en\/\">Home<\/a><\/span><\/span><\/p>\t\t\t\t<\/div>\n\t\t\t\t<\/div>\n\t\t\t\t<div class=\"elementor-element elementor-element-0cbe28e elementor-widget elementor-widget-text-editor\" data-id=\"0cbe28e\" data-element_type=\"widget\" data-widget_type=\"text-editor.default\">\n\t\t\t\t<div class=\"elementor-widget-container\">\n\t\t\t\t\t\t\t\t\t<p>It is very important for us to create a community that transmits the main foundations of our philosophy based on sustainability, energy efficiency and care for the planet.<\/p>\t\t\t\t\t\t\t\t<\/div>\n\t\t\t\t<\/div>\n\t\t\t\t\t<\/div>\n\t\t<\/div>\n\t\t\t\t\t<\/div>\n\t\t<\/section>\n\t\t\t\t<section class=\"elementor-section elementor-top-section elementor-element elementor-element-c2ca3e1 elementor-section-content-middle elementor-section-boxed elementor-section-height-default elementor-section-height-default\" data-id=\"c2ca3e1\" data-element_type=\"section\">\n\t\t\t\t\t\t<div class=\"elementor-container elementor-column-gap-wider\">\n\t\t\t\t\t<div class=\"elementor-column elementor-col-100 elementor-top-column elementor-element elementor-element-484733f\" data-id=\"484733f\" data-element_type=\"column\">\n\t\t\t<div class=\"elementor-widget-wrap elementor-element-populated\">\n\t\t\t\t\t\t<div class=\"elementor-element elementor-element-4e573b8 elementor-widget elementor-widget-heading\" data-id=\"4e573b8\" data-element_type=\"widget\" data-widget_type=\"heading.default\">\n\t\t\t\t<div class=\"elementor-widget-container\">\n\t\t\t\t\t<h3 class=\"elementor-heading-title elementor-size-default\">WHERE TO FIND US<\/h3>\t\t\t\t<\/div>\n\t\t\t\t<\/div>\n\t\t\t\t<div class=\"elementor-element elementor-element-2f98ae5 elementor-widget elementor-widget-heading\" data-id=\"2f98ae5\" data-element_type=\"widget\" data-widget_type=\"heading.default\">\n\t\t\t\t<div class=\"elementor-widget-container\">\n\t\t\t\t\t<h2 class=\"elementor-heading-title elementor-size-default\">Promotions and cities VIVO<\/h2>\t\t\t\t<\/div>\n\t\t\t\t<\/div>\n\t\t\t\t<div class=\"elementor-element elementor-element-cc426b5 elementor-widget elementor-widget-text-editor\" data-id=\"cc426b5\" data-element_type=\"widget\" data-widget_type=\"text-editor.default\">\n\t\t\t\t<div class=\"elementor-widget-container\">\n\t\t\t\t\t\t\t\t\t<p>At VIVO we try to create different spaces to form a community that shares our values and philosophy.<\/p><p>Little by little, our goal is to gradually build more spaces where we can offer this lifestyle to everyone who wants to enjoy it. We also have a sustainable home in front of La Zenia Boulevard shopping centre for anyone who wants to see it to come and visit. We\u2019ll be delighted to welcome you and answer all your queries about this experience.<\/p>\t\t\t\t\t\t\t\t<\/div>\n\t\t\t\t<\/div>\n\t\t\t\t<div class=\"elementor-element elementor-element-cfa4709 elementor--h-position-left elementor--v-position-bottom elementor-widget elementor-widget-slides\" data-id=\"cfa4709\" data-element_type=\"widget\" id=\"promocion\" data-settings=\"{&quot;navigation&quot;:&quot;none&quot;,&quot;transition&quot;:&quot;fade&quot;,&quot;transition_speed&quot;:500}\" data-widget_type=\"slides.default\">\n\t\t\t\t<div class=\"elementor-widget-container\">\n\t\t\t\t\t\t\t<div class=\"elementor-swiper\">\n\t\t\t<div class=\"elementor-slides-wrapper elementor-main-swiper swiper-container\" dir=\"ltr\" data-animation=\"fadeInUp\">\n\t\t\t\t<div class=\"swiper-wrapper elementor-slides\">\n\t\t\t\t\t\t\t\t\t\t<div class=\"elementor-repeater-item-775b890 swiper-slide\"><div class=\"swiper-slide-bg elementor-ken-burns elementor-ken-burns--in\" role=\"img\"><\/div><a class=\"swiper-slide-inner\" href=\"https:\/\/vivosostenible.com\/en\/promociones\/vivo-horadada\/\"><div class=\"swiper-slide-contents\"><div class=\"elementor-slide-heading\">VIVO Horadada<\/div><div class=\"elementor-slide-description\">COSTA DE LEVANTE<\/div><\/div><\/a><\/div>\t\t\t\t<\/div>\n\t\t\t\t\t\t\t<\/div>\n\t\t<\/div>\n\t\t\t\t\t\t<\/div>\n\t\t\t\t<\/div>\n\t\t\t\t\t<\/div>\n\t\t<\/div>\n\t\t\t\t\t<\/div>\n\t\t<\/section>\n\t\t\t\t<section class=\"elementor-section elementor-top-section elementor-element elementor-element-0e18e2a elementor-section-boxed elementor-section-height-default elementor-section-height-default\" data-id=\"0e18e2a\" data-element_type=\"section\">\n\t\t\t\t\t\t<div class=\"elementor-container elementor-column-gap-extended\">\n\t\t\t\t\t<div class=\"elementor-column elementor-col-50 elementor-top-column elementor-element elementor-element-cd1070c\" data-id=\"cd1070c\" data-element_type=\"column\">\n\t\t\t<div class=\"elementor-widget-wrap elementor-element-populated\">\n\t\t\t\t\t\t<div class=\"elementor-element elementor-element-b5379b7 elementor--h-position-left elementor--v-position-bottom elementor-widget elementor-widget-slides\" data-id=\"b5379b7\" data-element_type=\"widget\" id=\"promocion\" data-settings=\"{&quot;navigation&quot;:&quot;none&quot;,&quot;transition&quot;:&quot;fade&quot;,&quot;transition_speed&quot;:500}\" data-widget_type=\"slides.default\">\n\t\t\t\t<div class=\"elementor-widget-container\">\n\t\t\t\t\t\t\t<div class=\"elementor-swiper\">\n\t\t\t<div class=\"elementor-slides-wrapper elementor-main-swiper swiper-container\" dir=\"ltr\" data-animation=\"fadeInUp\">\n\t\t\t\t<div class=\"swiper-wrapper elementor-slides\">\n\t\t\t\t\t\t\t\t\t\t<div class=\"elementor-repeater-item-775b890 swiper-slide\"><div class=\"swiper-slide-bg elementor-ken-burns elementor-ken-burns--in\" role=\"img\"><\/div><div class=\"swiper-slide-inner\" ><div class=\"swiper-slide-contents\"><div class=\"elementor-slide-heading\">VIVO Marbella<\/div><div class=\"elementor-slide-description\">COMING SOON<\/div><\/div><\/div><\/div>\t\t\t\t<\/div>\n\t\t\t\t\t\t\t<\/div>\n\t\t<\/div>\n\t\t\t\t\t\t<\/div>\n\t\t\t\t<\/div>\n\t\t\t\t\t<\/div>\n\t\t<\/div>\n\t\t\t\t<div class=\"elementor-column elementor-col-50 elementor-top-column elementor-element elementor-element-b864faf\" data-id=\"b864faf\" data-element_type=\"column\">\n\t\t\t<div class=\"elementor-widget-wrap elementor-element-populated\">\n\t\t\t\t\t\t<div class=\"elementor-element elementor-element-204dc92 elementor--h-position-left elementor--v-position-bottom elementor-widget elementor-widget-slides\" data-id=\"204dc92\" data-element_type=\"widget\" id=\"promocion\" data-settings=\"{&quot;navigation&quot;:&quot;none&quot;,&quot;transition&quot;:&quot;fade&quot;,&quot;transition_speed&quot;:500}\" data-widget_type=\"slides.default\">\n\t\t\t\t<div class=\"elementor-widget-container\">\n\t\t\t\t\t\t\t<div class=\"elementor-swiper\">\n\t\t\t<div class=\"elementor-slides-wrapper elementor-main-swiper swiper-container\" dir=\"ltr\" data-animation=\"fadeInUp\">\n\t\t\t\t<div class=\"swiper-wrapper elementor-slides\">\n\t\t\t\t\t\t\t\t\t\t<div class=\"elementor-repeater-item-775b890 swiper-slide\"><div class=\"swiper-slide-bg elementor-ken-burns elementor-ken-burns--in\" role=\"img\"><\/div><div class=\"swiper-slide-inner\" ><div class=\"swiper-slide-contents\"><div class=\"elementor-slide-heading\">VIVO Valencia<\/div><div class=\"elementor-slide-description\">COMING SOON<\/div><\/div><\/div><\/div>\t\t\t\t<\/div>\n\t\t\t\t\t\t\t<\/div>\n\t\t<\/div>\n\t\t\t\t\t\t<\/div>\n\t\t\t\t<\/div>\n\t\t\t\t\t<\/div>\n\t\t<\/div>\n\t\t\t\t\t<\/div>\n\t\t<\/section>\n\t\t\t\t<section class=\"elementor-section elementor-top-section elementor-element elementor-element-35bad79 elementor-section-content-middle elementor-section-boxed elementor-section-height-default elementor-section-height-default\" data-id=\"35bad79\" data-element_type=\"section\" data-settings=\"{&quot;background_background&quot;:&quot;classic&quot;}\">\n\t\t\t\t\t\t\t<div class=\"elementor-background-overlay\"><\/div>\n\t\t\t\t\t\t\t<div class=\"elementor-container elementor-column-gap-wider\">\n\t\t\t\t\t<div class=\"elementor-column elementor-col-100 elementor-top-column elementor-element elementor-element-b86a332\" data-id=\"b86a332\" data-element_type=\"column\">\n\t\t\t<div class=\"elementor-widget-wrap elementor-element-populated\">\n\t\t\t\t\t\t<div class=\"elementor-element elementor-element-a47a946 elementor-widget elementor-widget-heading\" data-id=\"a47a946\" data-element_type=\"widget\" data-widget_type=\"heading.default\">\n\t\t\t\t<div class=\"elementor-widget-container\">\n\t\t\t\t\t<h2 class=\"elementor-heading-title elementor-size-default\">Live life your way. Make your own home.<\/h2>\t\t\t\t<\/div>\n\t\t\t\t<\/div>\n\t\t\t\t<div class=\"elementor-element elementor-element-3810558 elementor-align-center elementor-widget elementor-widget-button\" data-id=\"3810558\" data-element_type=\"widget\" data-widget_type=\"button.default\">\n\t\t\t\t<div class=\"elementor-widget-container\">\n\t\t\t\t\t\t\t\t\t<div class=\"elementor-button-wrapper\">\n\t\t\t\t\t<a class=\"elementor-button elementor-button-link elementor-size-sm\" href=\"https:\/\/vivosostenible.com\/en\/promociones\/vivo-horadada\/\">\n\t\t\t\t\t\t<span class=\"elementor-button-content-wrapper\">\n\t\t\t\t\t\t\t\t\t<span class=\"elementor-button-text\">CREATE YOUR HOME<\/span>\n\t\t\t\t\t<\/span>\n\t\t\t\t\t<\/a>\n\t\t\t\t<\/div>\n\t\t\t\t\t\t\t\t<\/div>\n\t\t\t\t<\/div>\n\t\t\t\t\t<\/div>\n\t\t<\/div>\n\t\t\t\t\t<\/div>\n\t\t<\/section>\n\t\t\t\t<\/div>","protected":false},"excerpt":{"rendered":"<p>PROMOCIONESDONDE VIVIR Para nosotros es muy importante formar una comunidad que transmita los principales pilares de nuestra filosof\u00eda, basada en la sostenibilidad, eficiencia energ\u00e9tica y el cuidado del planeta. D\u00d3NDE ENCONTRARNOS Promociones y ciudades VIVO Desde VIVO tratamos de generar diferentes espacios para formar una comunidad que comparta nuestros valores y nuestra filosof\u00eda. Poco a [&hellip;]<\/p>","protected":false},"author":2,"featured_media":0,"parent":0,"menu_order":4,"comment_status":"closed","ping_status":"closed","template":"elementor_header_footer","meta":{"_joinchat":[],"footnotes":""},"class_list":["post-691","page","type-page","status-publish","hentry"],"yoast_head":"<!-- This site is optimized with the Yoast SEO Premium plugin v24.0 (Yoast SEO v25.5) - https:\/\/yoast.com\/wordpress\/plugins\/seo\/ -->\n<title>VIVO Hogares Sostenibles - Promociones y ciudades VIVO<\/title>\n<meta name=\"description\" content=\"Desde VIVO tratamos de generar diferentes espacios para formar una comunidad que comparta nuestros valores y nuestra filosof\u00eda.\" \/>\n<meta name=\"robots\" content=\"index, follow, max-snippet:-1, max-image-preview:large, max-video-preview:-1\" \/>\n<link rel=\"canonical\" href=\"https:\/\/vivosostenible.com\/en\/promociones\/\" \/>\n<meta property=\"og:locale\" content=\"en_GB\" \/>\n<meta property=\"og:type\" content=\"article\" \/>\n<meta property=\"og:title\" content=\"VIVO Hogares Sostenibles - Promociones y ciudades VIVO\" \/>\n<meta property=\"og:description\" content=\"Desde VIVO tratamos de generar diferentes espacios para formar una comunidad que comparta nuestros valores y nuestra filosof\u00eda.\" \/>\n<meta property=\"og:url\" content=\"https:\/\/vivosostenible.com\/en\/promociones\/\" \/>\n<meta property=\"og:site_name\" content=\"VIVO Sostenible - Lo \u00faltimo en hogares sostenibles y Passivhaus\" \/>\n<meta property=\"article:publisher\" content=\"https:\/\/www.facebook.com\/vivohogaressostenibles\/\" \/>\n<meta property=\"article:modified_time\" content=\"2021-11-15T16:49:31+00:00\" \/>\n<meta property=\"og:image\" content=\"https:\/\/vivosostenible.com\/wp-content\/uploads\/2021\/07\/SOLARIUM-360-6K-768x384.jpg\" \/>\n\t<meta property=\"og:image:width\" content=\"768\" \/>\n\t<meta property=\"og:image:height\" content=\"384\" \/>\n\t<meta property=\"og:image:type\" content=\"image\/jpeg\" \/>\n<meta name=\"twitter:card\" content=\"summary_large_image\" \/>\n<meta name=\"twitter:title\" content=\"VIVO Hogares Sostenibles - Promociones y ciudades VIVO\" \/>\n<meta name=\"twitter:description\" content=\"Desde VIVO tratamos de generar diferentes espacios para formar una comunidad que comparta nuestros valores y nuestra filosof\u00eda.\" \/>\n<script type=\"application\/ld+json\" class=\"yoast-schema-graph\">{\"@context\":\"https:\/\/schema.org\",\"@graph\":[{\"@type\":\"WebPage\",\"@id\":\"https:\/\/vivosostenible.com\/promociones\/\",\"url\":\"https:\/\/vivosostenible.com\/promociones\/\",\"name\":\"VIVO Hogares Sostenibles - Promociones y ciudades VIVO\",\"isPartOf\":{\"@id\":\"https:\/\/vivosostenible.com\/#website\"},\"datePublished\":\"2021-06-10T08:04:30+00:00\",\"dateModified\":\"2021-11-15T16:49:31+00:00\",\"description\":\"Desde VIVO tratamos de generar diferentes espacios para formar una comunidad que comparta nuestros valores y nuestra filosof\u00eda.\",\"breadcrumb\":{\"@id\":\"https:\/\/vivosostenible.com\/promociones\/#breadcrumb\"},\"inLanguage\":\"en-GB\",\"potentialAction\":[{\"@type\":\"ReadAction\",\"target\":[\"https:\/\/vivosostenible.com\/promociones\/\"]}]},{\"@type\":\"BreadcrumbList\",\"@id\":\"https:\/\/vivosostenible.com\/promociones\/#breadcrumb\",\"itemListElement\":[{\"@type\":\"ListItem\",\"position\":1,\"name\":\"Inicio\",\"item\":\"https:\/\/vivosostenible.com\/\"},{\"@type\":\"ListItem\",\"position\":2,\"name\":\"Promociones\"}]},{\"@type\":\"WebSite\",\"@id\":\"https:\/\/vivosostenible.com\/#website\",\"url\":\"https:\/\/vivosostenible.com\/\",\"name\":\"VIVO Sostenible - Lo \u00faltimo en hogares sostenibles y Passivhaus\",\"description\":\"VIVO Hogares Sostenibles no son solo viviendas, es una forma de entender la vida. VIVO nace del amor y el contacto con la naturaleza.\",\"publisher\":{\"@id\":\"https:\/\/vivosostenible.com\/#organization\"},\"potentialAction\":[{\"@type\":\"SearchAction\",\"target\":{\"@type\":\"EntryPoint\",\"urlTemplate\":\"https:\/\/vivosostenible.com\/?s={search_term_string}\"},\"query-input\":{\"@type\":\"PropertyValueSpecification\",\"valueRequired\":true,\"valueName\":\"search_term_string\"}}],\"inLanguage\":\"en-GB\"},{\"@type\":\"Organization\",\"@id\":\"https:\/\/vivosostenible.com\/#organization\",\"name\":\"VIVO Hogares Sostenibles\",\"url\":\"https:\/\/vivosostenible.com\/\",\"logo\":{\"@type\":\"ImageObject\",\"inLanguage\":\"en-GB\",\"@id\":\"https:\/\/vivosostenible.com\/#\/schema\/logo\/image\/\",\"url\":\"https:\/\/vivosostenible.com\/wp-content\/uploads\/2021\/05\/cropped-Vivo_Principal.png\",\"contentUrl\":\"https:\/\/vivosostenible.com\/wp-content\/uploads\/2021\/05\/cropped-Vivo_Principal.png\",\"width\":4549,\"height\":1688,\"caption\":\"VIVO Hogares Sostenibles\"},\"image\":{\"@id\":\"https:\/\/vivosostenible.com\/#\/schema\/logo\/image\/\"},\"sameAs\":[\"https:\/\/www.facebook.com\/vivohogaressostenibles\/\",\"https:\/\/www.instagram.com\/vivohogares\/\"]}]}<\/script>\n<!-- \/ Yoast SEO Premium plugin. -->","yoast_head_json":{"title":"VIVO Sustainable Homes - Promotions and cities VIVO","description":"At VIVO we try to create different spaces to form a community that shares our values and philosophy.","robots":{"index":"index","follow":"follow","max-snippet":"max-snippet:-1","max-image-preview":"max-image-preview:large","max-video-preview":"max-video-preview:-1"},"canonical":"https:\/\/vivosostenible.com\/en\/promociones\/","og_locale":"en_GB","og_type":"article","og_title":"VIVO Hogares Sostenibles - Promociones y ciudades VIVO","og_description":"Desde VIVO tratamos de generar diferentes espacios para formar una comunidad que comparta nuestros valores y nuestra filosof\u00eda.","og_url":"https:\/\/vivosostenible.com\/en\/promociones\/","og_site_name":"VIVO Sostenible - Lo \u00faltimo en hogares sostenibles y Passivhaus","article_publisher":"https:\/\/www.facebook.com\/vivohogaressostenibles\/","article_modified_time":"2021-11-15T16:49:31+00:00","og_image":[{"width":768,"height":384,"url":"https:\/\/vivosostenible.com\/wp-content\/uploads\/2021\/07\/SOLARIUM-360-6K-768x384.jpg","type":"image\/jpeg"}],"twitter_card":"summary_large_image","twitter_title":"VIVO Hogares Sostenibles - Promociones y ciudades VIVO","twitter_description":"Desde VIVO tratamos de generar diferentes espacios para formar una comunidad que comparta nuestros valores y nuestra filosof\u00eda.","schema":{"@context":"https:\/\/schema.org","@graph":[{"@type":"WebPage","@id":"https:\/\/vivosostenible.com\/promociones\/","url":"https:\/\/vivosostenible.com\/promociones\/","name":"VIVO Sustainable Homes - Promotions and cities VIVO","isPartOf":{"@id":"https:\/\/vivosostenible.com\/#website"},"datePublished":"2021-06-10T08:04:30+00:00","dateModified":"2021-11-15T16:49:31+00:00","description":"At VIVO we try to create different spaces to form a community that shares our values and philosophy.","breadcrumb":{"@id":"https:\/\/vivosostenible.com\/promociones\/#breadcrumb"},"inLanguage":"en-GB","potentialAction":[{"@type":"ReadAction","target":["https:\/\/vivosostenible.com\/promociones\/"]}]},{"@type":"BreadcrumbList","@id":"https:\/\/vivosostenible.com\/promociones\/#breadcrumb","itemListElement":[{"@type":"ListItem","position":1,"name":"Inicio","item":"https:\/\/vivosostenible.com\/"},{"@type":"ListItem","position":2,"name":"Promociones"}]},{"@type":"WebSite","@id":"https:\/\/vivosostenible.com\/#website","url":"https:\/\/vivosostenible.com\/","name":"VIVO Sostenible - Sustainable homes and Passivhaus","description":"VIVO Sustainable Homes are not just homes, it is a way of understanding life. VIVO is born from love and contact with nature.","publisher":{"@id":"https:\/\/vivosostenible.com\/#organization"},"potentialAction":[{"@type":"SearchAction","target":{"@type":"EntryPoint","urlTemplate":"https:\/\/vivosostenible.com\/?s={search_term_string}"},"query-input":{"@type":"PropertyValueSpecification","valueRequired":true,"valueName":"search_term_string"}}],"inLanguage":"en-GB"},{"@type":"Organization","@id":"https:\/\/vivosostenible.com\/#organization","name":"VIVO Sustainable Homes","url":"https:\/\/vivosostenible.com\/","logo":{"@type":"ImageObject","inLanguage":"en-GB","@id":"https:\/\/vivosostenible.com\/#\/schema\/logo\/image\/","url":"https:\/\/vivosostenible.com\/wp-content\/uploads\/2021\/05\/cropped-Vivo_Principal.png","contentUrl":"https:\/\/vivosostenible.com\/wp-content\/uploads\/2021\/05\/cropped-Vivo_Principal.png","width":4549,"height":1688,"caption":"VIVO Hogares Sostenibles"},"image":{"@id":"https:\/\/vivosostenible.com\/#\/schema\/logo\/image\/"},"sameAs":["https:\/\/www.facebook.com\/vivohogaressostenibles\/","https:\/\/www.instagram.com\/vivohogares\/"]}]}},"_links":{"self":[{"href":"https:\/\/vivosostenible.com\/en\/wp-json\/wp\/v2\/pages\/691","targetHints":{"allow":["GET"]}}],"collection":[{"href":"https:\/\/vivosostenible.com\/en\/wp-json\/wp\/v2\/pages"}],"about":[{"href":"https:\/\/vivosostenible.com\/en\/wp-json\/wp\/v2\/types\/page"}],"author":[{"embeddable":true,"href":"https:\/\/vivosostenible.com\/en\/wp-json\/wp\/v2\/users\/2"}],"replies":[{"embeddable":true,"href":"https:\/\/vivosostenible.com\/en\/wp-json\/wp\/v2\/comments?post=691"}],"version-history":[{"count":0,"href":"https:\/\/vivosostenible.com\/en\/wp-json\/wp\/v2\/pages\/691\/revisions"}],"wp:attachment":[{"href":"https:\/\/vivosostenible.com\/en\/wp-json\/wp\/v2\/media?parent=691"}],"curies":[{"name":"wp","href":"https:\/\/api.w.org\/{rel}","templated":true}]}}